{"id":10101,"date":"2014-07-28T02:01:50","date_gmt":"2014-07-28T02:01:50","guid":{"rendered":"http:\/\/2pc.cl\/plantilla_2\/?page_id=10101"},"modified":"2021-07-14T11:53:11","modified_gmt":"2021-07-14T15:53:11","slug":"casa-kaplan","status":"publish","type":"page","link":"https:\/\/pruebas-portal.mph.cl\/?page_id=10101","title":{"rendered":"Casa Kaplan"},"content":{"rendered":"<p><img decoding=\"async\" loading=\"lazy\" class=\"alignnone size-full wp-image-15217\" src=\"https:\/\/pruebas-portal.mph.cl\/wp-content\/uploads\/2021\/07\/1-7.jpg\" alt=\"\" width=\"1024\" height=\"453\" srcset=\"https:\/\/pruebas-portal.mph.cl\/wp-content\/uploads\/2021\/07\/1-7.jpg 1024w, https:\/\/pruebas-portal.mph.cl\/wp-content\/uploads\/2021\/07\/1-7-300x133.jpg 300w, https:\/\/pruebas-portal.mph.cl\/wp-content\/uploads\/2021\/07\/1-7-768x340.jpg 768w\" sizes=\"(max-width: 1024px) 100vw, 1024px\" \/><br \/>\n<strong>Administrado por la Direcci\u00f3n de Medio Ambiente Aseo y Operaciones<\/strong><\/p>\n<p><strong>fono: 22 430 6041<\/strong><\/p>\n<p>&nbsp;<\/p>\n<p>La Casa Kaplan es donde encontramos nuestras Piscinas Municipales, tambi\u00e9n es un centro donde hay tres edificaciones, sal\u00f3n para eventos, extensas \u00e1reas verdes, adem\u00e1s de espacios para asados y encuentro para los vecinos y vecinas de Padre Hurtado.<\/p>\n<p>&nbsp;<\/p>\n<p><iframe loading=\"lazy\" style=\"border: 0;\" src=\"https:\/\/www.google.com\/maps\/embed?pb=!1m18!1m12!1m3!1d3324.681132412997!2d-70.80711498479778!3d-33.561660180742265!2m3!1f0!2f0!3f0!3m2!1i1024!2i768!4f13.1!3m3!1m2!1s0x9662dd83edfd3d99%3A0x4d37042fdd874894!2sCamino%20a%20Melipilla%20908%2C%20Padre%20Hurtado%2C%20Regi%C3%B3n%20Metropolitana!5e0!3m2!1ses-419!2scl!4v1626274698353!5m2!1ses-419!2scl\" width=\"600\" height=\"450\" allowfullscreen=\"allowfullscreen\"><\/iframe><\/p>\n","protected":false},"excerpt":{"rendered":"<p>Administrado por la Direcci\u00f3n de Medio Ambiente Aseo y Operaciones fono: 22 430 6041 &nbsp; La Casa Kaplan es donde encontramos nuestras Piscinas Municipales, tambi\u00e9n es un centro donde hay tres edificaciones, sal\u00f3n para eventos, extensas \u00e1reas verdes, adem\u00e1s de espacios para asados y encuentro para los vecinos y vecinas de Padre Hurtado. &nbsp;<\/p>\n","protected":false},"author":5,"featured_media":0,"parent":52,"menu_order":0,"comment_status":"open","ping_status":"open","template":"","meta":{"footnotes":""},"_links":{"self":[{"href":"https:\/\/pruebas-portal.mph.cl\/index.php?rest_route=\/wp\/v2\/pages\/10101"}],"collection":[{"href":"https:\/\/pruebas-portal.mph.cl\/index.php?rest_route=\/wp\/v2\/pages"}],"about":[{"href":"https:\/\/pruebas-portal.mph.cl\/index.php?rest_route=\/wp\/v2\/types\/page"}],"author":[{"embeddable":true,"href":"https:\/\/pruebas-portal.mph.cl\/index.php?rest_route=\/wp\/v2\/users\/5"}],"replies":[{"embeddable":true,"href":"https:\/\/pruebas-portal.mph.cl\/index.php?rest_route=%2Fwp%2Fv2%2Fcomments&post=10101"}],"version-history":[{"count":8,"href":"https:\/\/pruebas-portal.mph.cl\/index.php?rest_route=\/wp\/v2\/pages\/10101\/revisions"}],"predecessor-version":[{"id":15226,"href":"https:\/\/pruebas-portal.mph.cl\/index.php?rest_route=\/wp\/v2\/pages\/10101\/revisions\/15226"}],"up":[{"embeddable":true,"href":"https:\/\/pruebas-portal.mph.cl\/index.php?rest_route=\/wp\/v2\/pages\/52"}],"wp:attachment":[{"href":"https:\/\/pruebas-portal.mph.cl\/index.php?rest_route=%2Fwp%2Fv2%2Fmedia&parent=10101"}],"curies":[{"name":"wp","href":"https:\/\/api.w.org\/{rel}","templated":true}]}}