{"id":10353,"date":"2015-05-07T05:58:06","date_gmt":"2015-05-07T05:58:06","guid":{"rendered":"https:\/\/pruebas-portal.mph.cl\/?page_id=10353"},"modified":"2023-01-12T14:40:30","modified_gmt":"2023-01-12T18:40:30","slug":"salud","status":"publish","type":"page","link":"https:\/\/pruebas-portal.mph.cl\/?page_id=10353","title":{"rendered":"Salud"},"content":{"rendered":"<p><strong>Director: Alex Garc\u00eda Leiva\u00a0 (<a class=\"rABsFf RffVmb AL18ce\" href=\"mailto:agarcia@mph.cl\" target=\"_blank\" rel=\"noopener noreferrer\" data-tooltip-position=\"top\" data-tooltip=\"De tus contactos de Google\">agarcia@mph.cl<\/a>)<\/strong><\/p>\n<p><strong>Sitio web: <\/strong><a href=\"http:\/\/www.saludmph.cl\">http:\/\/www.saludmph.cl<\/a><\/p>\n<h3>OBJETIVO.<\/h3>\n<p>Tendr\u00e1 como objetivo optimizar la entrega de atenciones a los beneficiarios que acuden a los servicios de salud\u00a0 de salud p\u00fablica.<\/p>\n<h3>FUNCIONES.<\/h3>\n<ul>\n<li>Asumir la Direcci\u00f3n Administrativa de los Establecimientos de Salud Municipal en conformidad con las disposiciones legales vigentes.<\/li>\n<li>Administrar los recursos necesarios para el normal funcionamiento de los servicios asistenciales.<\/li>\n<li>Velar por el cumplimiento de las normas, planes y programas que haya impartido o imparta el Ministerio de Salud.<\/li>\n<li>Elaborar y desarrollar programas de prevenci\u00f3n, detecci\u00f3n y tratamiento de enfermedades de los habitantes de la comuna, en coordinaci\u00f3n con entidades privadas y con los organismos del Ministerio de Salud que corresponda.<\/li>\n<li>Coordinar con otras unidades municipales cuando corresponda, las acciones extra-program\u00e1ticas que tengan relaci\u00f3n con la salud p\u00fablica dentro de las normas vigentes.<\/li>\n<li>Para el cumplimiento de los fines antes se\u00f1alados, esta Direcci\u00f3n deber\u00e1 darse su propia reglamentaci\u00f3n interna de organizaci\u00f3n.<\/li>\n<\/ul>\n<p>&nbsp;<\/p>\n<p><strong>FARMACIA POPULAR MUNICIPAL<\/strong><\/p>\n<p><strong>Directora T\u00e9cnica de Farmacia Popular Municipal: Catalina Brunet Osses (farmaciacomunal@salud.mph.cl)<\/strong><\/p>\n<p><strong>Encargado de Unidad de Contabilidad y Finanzas: Daniela Mu\u00f1oz D\u00edas (dmunoz@mph.cl)<\/strong><\/p>\n<p><strong>Encargado de Inventario: Patricia Tamayo Cat\u00edn (ptamayo@mph.cl)\u00a0<\/strong><\/p>\n","protected":false},"excerpt":{"rendered":"<p>Director: Alex Garc\u00eda Leiva\u00a0 (agarcia@mph.cl) Sitio web: http:\/\/www.saludmph.cl OBJETIVO. Tendr\u00e1 como objetivo optimizar la entrega de atenciones a los beneficiarios que acuden a los servicios de salud\u00a0 de salud p\u00fablica. FUNCIONES. Asumir la Direcci\u00f3n Administrativa de los Establecimientos de Salud Municipal en conformidad con las disposiciones legales vigentes. Administrar los recursos necesarios para el normal<\/p>\n<div class=\"read-more\"><a href=\"https:\/\/pruebas-portal.mph.cl\/?page_id=10353\" title=\"Read More\">Read More<\/a><\/div>\n","protected":false},"author":5,"featured_media":0,"parent":0,"menu_order":0,"comment_status":"closed","ping_status":"closed","template":"","meta":{"footnotes":""},"_links":{"self":[{"href":"https:\/\/pruebas-portal.mph.cl\/index.php?rest_route=\/wp\/v2\/pages\/10353"}],"collection":[{"href":"https:\/\/pruebas-portal.mph.cl\/index.php?rest_route=\/wp\/v2\/pages"}],"about":[{"href":"https:\/\/pruebas-portal.mph.cl\/index.php?rest_route=\/wp\/v2\/types\/page"}],"author":[{"embeddable":true,"href":"https:\/\/pruebas-portal.mph.cl\/index.php?rest_route=\/wp\/v2\/users\/5"}],"replies":[{"embeddable":true,"href":"https:\/\/pruebas-portal.mph.cl\/index.php?rest_route=%2Fwp%2Fv2%2Fcomments&post=10353"}],"version-history":[{"count":13,"href":"https:\/\/pruebas-portal.mph.cl\/index.php?rest_route=\/wp\/v2\/pages\/10353\/revisions"}],"predecessor-version":[{"id":18768,"href":"https:\/\/pruebas-portal.mph.cl\/index.php?rest_route=\/wp\/v2\/pages\/10353\/revisions\/18768"}],"wp:attachment":[{"href":"https:\/\/pruebas-portal.mph.cl\/index.php?rest_route=%2Fwp%2Fv2%2Fmedia&parent=10353"}],"curies":[{"name":"wp","href":"https:\/\/api.w.org\/{rel}","templated":true}]}}