{"id":10466,"date":"2015-06-10T02:01:17","date_gmt":"2015-06-10T02:01:17","guid":{"rendered":"https:\/\/pruebas-portal.mph.cl\/?page_id=10466"},"modified":"2015-06-18T05:28:44","modified_gmt":"2015-06-18T05:28:44","slug":"colegio-cristal-chile","status":"publish","type":"page","link":"https:\/\/pruebas-portal.mph.cl\/?page_id=10466","title":{"rendered":"Colegio Cristal Chile"},"content":{"rendered":"<p><strong>Nombre del Establecimiento:<\/strong>\u00a0Escuela F-676 \u201cCristal Chile\u201d<br \/>\n<strong>Ubicaci\u00f3n:\u00a0<\/strong>Pedro Aguirre Cerda 2156<br \/>\n<strong>Dependencia:\u00a0<\/strong>Municipal.<br \/>\n<strong>Fecha de Fundaci\u00f3n:<\/strong>\u00a0Junio 1965.<br \/>\n<strong>Director:<\/strong>\u00a0Ivonne Mej\u00edas Draguicevic.<br \/>\n<strong>Matr\u00edcula:\u00a0<\/strong>\u00a0380 alumnos.<br \/>\n<strong>Equipo docente:<br \/>\n<\/strong>2 Directivos<br \/>\n<span style=\"line-height: 1.5em;\">1 Jefe Unidad T\u00e9cnica<br \/>\n12 Profesores<\/span><\/p>\n<p><b>Niveles educacionales que imparte: Educaci\u00f3n Parvularia y Educaci\u00f3n B\u00e1sica.<\/b><\/p>\n<p><strong>Origen y desarrollo del establecimiento:<\/strong><\/p>\n<p>La escuela Cristal Chile, nace como una necesidad educacional del proyecto habitacional de la industria Cristaler\u00edas Chile para sus trabajadores.<\/p>\n<p>En una primera instancia, la empresa entrega el local escolar a la congragaci\u00f3n de Religiosas Franciscana \u201cCoraz\u00f3n de Jes\u00fas\u201d, quienes administran el local escolar desde el a\u00f1o 1965 hasta 1969. Posteriormente, Cristaler\u00edas de Chile, entrega el establecimiento bajo escritura p\u00fablica, al Ministerio de Educaci\u00f3n, cre\u00e1ndose por Decreto N\u00b0 10.706 la escuela N|37por la Escuela F-676 Cristal Chile.<\/p>\n<p>En febrero del a\u00f1o 1982, el Ministerio de educaci\u00f3n traspasa la administraci\u00f3n de los establecimientos a la Municipalidad de Pe\u00f1aflor y posteriormente en el a\u00f1o 1997 a la reci\u00e9n creada Municipalidad de Padre Hurtado, quedando hasta la actualidad bajo la dependencia de su Departamento de Educaci\u00f3n.<\/p>\n<p><iframe loading=\"lazy\" src=\"https:\/\/www.google.com\/maps\/embed?pb=!1m18!1m12!1m3!1d5844.108509701498!2d-70.81966752772495!3d-33.562510520694914!2m3!1f0!2f0!3f0!3m2!1i1024!2i768!4f13.1!3m3!1m2!1s0x9662e77947dac7eb%3A0x643e24ab75eb759!2sPdte+Pedro+Aguirre+Cerda+2156%2C+Padre+Hurtado%2C+Regi%C3%B3n+Metropolitana!5e1!3m2!1ses!2scl!4v1434605081672\" width=\"100%\" height=\"200\" frameborder=\"0\" style=\"border:0\"><\/iframe><\/p>\n","protected":false},"excerpt":{"rendered":"<p>Nombre del Establecimiento:\u00a0Escuela F-676 \u201cCristal Chile\u201d Ubicaci\u00f3n:\u00a0Pedro Aguirre Cerda 2156 Dependencia:\u00a0Municipal. Fecha de Fundaci\u00f3n:\u00a0Junio 1965. Director:\u00a0Ivonne Mej\u00edas Draguicevic. Matr\u00edcula:\u00a0\u00a0380 alumnos. Equipo docente: 2 Directivos 1 Jefe Unidad T\u00e9cnica 12 Profesores Niveles educacionales que imparte: Educaci\u00f3n Parvularia y Educaci\u00f3n B\u00e1sica. Origen y desarrollo del establecimiento: La escuela Cristal Chile, nace como una necesidad educacional del proyecto<\/p>\n<div class=\"read-more\"><a href=\"https:\/\/pruebas-portal.mph.cl\/?page_id=10466\" title=\"Read More\">Read More<\/a><\/div>\n","protected":false},"author":5,"featured_media":0,"parent":10352,"menu_order":0,"comment_status":"open","ping_status":"open","template":"","meta":{"footnotes":""},"_links":{"self":[{"href":"https:\/\/pruebas-portal.mph.cl\/index.php?rest_route=\/wp\/v2\/pages\/10466"}],"collection":[{"href":"https:\/\/pruebas-portal.mph.cl\/index.php?rest_route=\/wp\/v2\/pages"}],"about":[{"href":"https:\/\/pruebas-portal.mph.cl\/index.php?rest_route=\/wp\/v2\/types\/page"}],"author":[{"embeddable":true,"href":"https:\/\/pruebas-portal.mph.cl\/index.php?rest_route=\/wp\/v2\/users\/5"}],"replies":[{"embeddable":true,"href":"https:\/\/pruebas-portal.mph.cl\/index.php?rest_route=%2Fwp%2Fv2%2Fcomments&post=10466"}],"version-history":[{"count":5,"href":"https:\/\/pruebas-portal.mph.cl\/index.php?rest_route=\/wp\/v2\/pages\/10466\/revisions"}],"predecessor-version":[{"id":10692,"href":"https:\/\/pruebas-portal.mph.cl\/index.php?rest_route=\/wp\/v2\/pages\/10466\/revisions\/10692"}],"up":[{"embeddable":true,"href":"https:\/\/pruebas-portal.mph.cl\/index.php?rest_route=\/wp\/v2\/pages\/10352"}],"wp:attachment":[{"href":"https:\/\/pruebas-portal.mph.cl\/index.php?rest_route=%2Fwp%2Fv2%2Fmedia&parent=10466"}],"curies":[{"name":"wp","href":"https:\/\/api.w.org\/{rel}","templated":true}]}}