{"id":10467,"date":"2015-06-10T02:01:49","date_gmt":"2015-06-10T02:01:49","guid":{"rendered":"https:\/\/pruebas-portal.mph.cl\/?page_id=10467"},"modified":"2015-06-18T05:49:03","modified_gmt":"2015-06-18T05:49:03","slug":"escuela-la-esperanza","status":"publish","type":"page","link":"https:\/\/pruebas-portal.mph.cl\/?page_id=10467","title":{"rendered":"Escuela La Esperanza"},"content":{"rendered":"<p style=\"text-align: left;\" align=\"center\"><b>ORIGEN Y DESARROLLO DE LA ESCUELA LA ESPERANZA<\/b><\/p>\n<p>La Escuela\u00a0 B\u00e1sica\u00a0 La Esperanza es el \u00fanico establecimiento rural de la comuna, ubicado a seis kil\u00f3metros de la plaza de Padre Hurtado, en el sector Villorrio Santa Luisa. Esta escuela tiene m\u00e1s de 48 a\u00f1os,\u00a0 nace como escuela parroquial dependiente de la parroquia de Padre Hurtado hasta fines de los a\u00f1os sesenta, posteriormente es traspasada al Ministerio de Educaci\u00f3n pasando a llamarse Escuela Fiscal N\u00b0 38 y, finalmente en el a\u00f1o 1982 pasa\u00a0 a la administraci\u00f3n Municipal tomando el nombre de Escuela F- N\u00b0 667, La Esperanza.<\/p>\n<p>La escuela atiende el sector escolar de : Santa M\u00f3nica, Cuesta Barriga, San Luis, Los Corrales, Los Aromos, El Porvenir, Las Violetas, La Esperanza, Villorrio Santa Luisa, Las Brisas, El Trebal y otros.<\/p>\n<p>Este recinto educacional est\u00e1 adscrito a la Jornada Escolar Completa (JEC) e imparte Ense\u00f1anza de Transici\u00f3n (Primer y Segundo Nivel) y B\u00e1sica Completa de 1\u00b0 a 8\u00b0 a\u00f1o b\u00e1sico, con una matr\u00edcula actual de 198 estudiantes, atendidos por un Director, un Inspector General, un Jefe Unidad T\u00e9cnica Pedag\u00f3gica y\u00a0 12 docentes incluyendo a la educadoras de p\u00e1rvulos y diferencial. Este establecimiento cuenta con Proyecto de Integraci\u00f3n Escolar.<\/p>\n<p>La fuente laboral de la poblaci\u00f3n es la peque\u00f1a crianza de animales, peque\u00f1a agricultura y el trabajo de temporeros(as). Muy pocos obtienen trabajos en industrias cercanas o en el \u00e1rea de servicios.<\/p>\n<p>En la localidad existen Juntas de Vecinos, Centro General de Padres\u00a0 y Apoderados, Club Deportivo, Iglesia Evang\u00e9lica y Centro Cat\u00f3lico. Adem\u00e1s la localidad posee diversos medios de comunicaci\u00f3n y transporte, Red\u00a0 de Agua Potable en gran parte de la poblaci\u00f3n, Luz El\u00e9ctrica y Tel\u00e9fono. Sin embargo, a\u00fan no se dispone de una red de alcantarillados.<\/p>\n<p><iframe loading=\"lazy\" src=\"https:\/\/www.google.com\/maps\/embed?pb=!1m18!1m12!1m3!1d3324.7110549736517!2d-70.8545944!3d-33.560882899999996!2m3!1f0!2f0!3f0!3m2!1i1024!2i768!4f13.1!3m3!1m2!1s0x9662e7abc33245bd%3A0x47ba9775145a2684!2sEl+Villorrio+Sta+Luisa%2C+Padre+Hurtado%2C+Regi%C3%B3n+Metropolitana!5e0!3m2!1ses!2scl!4v1434606144756\" width=\"100%\" height=\"200\" frameborder=\"0\" style=\"border:0\"><\/iframe><\/p>\n","protected":false},"excerpt":{"rendered":"<p>ORIGEN Y DESARROLLO DE LA ESCUELA LA ESPERANZA La Escuela\u00a0 B\u00e1sica\u00a0 La Esperanza es el \u00fanico establecimiento rural de la comuna, ubicado a seis kil\u00f3metros de la plaza de Padre Hurtado, en el sector Villorrio Santa Luisa. Esta escuela tiene m\u00e1s de 48 a\u00f1os,\u00a0 nace como escuela parroquial dependiente de la parroquia de Padre Hurtado<\/p>\n<div class=\"read-more\"><a href=\"https:\/\/pruebas-portal.mph.cl\/?page_id=10467\" title=\"Read More\">Read More<\/a><\/div>\n","protected":false},"author":5,"featured_media":0,"parent":10352,"menu_order":0,"comment_status":"open","ping_status":"open","template":"","meta":{"footnotes":""},"_links":{"self":[{"href":"https:\/\/pruebas-portal.mph.cl\/index.php?rest_route=\/wp\/v2\/pages\/10467"}],"collection":[{"href":"https:\/\/pruebas-portal.mph.cl\/index.php?rest_route=\/wp\/v2\/pages"}],"about":[{"href":"https:\/\/pruebas-portal.mph.cl\/index.php?rest_route=\/wp\/v2\/types\/page"}],"author":[{"embeddable":true,"href":"https:\/\/pruebas-portal.mph.cl\/index.php?rest_route=\/wp\/v2\/users\/5"}],"replies":[{"embeddable":true,"href":"https:\/\/pruebas-portal.mph.cl\/index.php?rest_route=%2Fwp%2Fv2%2Fcomments&post=10467"}],"version-history":[{"count":6,"href":"https:\/\/pruebas-portal.mph.cl\/index.php?rest_route=\/wp\/v2\/pages\/10467\/revisions"}],"predecessor-version":[{"id":10725,"href":"https:\/\/pruebas-portal.mph.cl\/index.php?rest_route=\/wp\/v2\/pages\/10467\/revisions\/10725"}],"up":[{"embeddable":true,"href":"https:\/\/pruebas-portal.mph.cl\/index.php?rest_route=\/wp\/v2\/pages\/10352"}],"wp:attachment":[{"href":"https:\/\/pruebas-portal.mph.cl\/index.php?rest_route=%2Fwp%2Fv2%2Fmedia&parent=10467"}],"curies":[{"name":"wp","href":"https:\/\/api.w.org\/{rel}","templated":true}]}}