{"id":10468,"date":"2015-06-10T02:02:11","date_gmt":"2015-06-10T02:02:11","guid":{"rendered":"https:\/\/pruebas-portal.mph.cl\/?page_id=10468"},"modified":"2015-06-18T05:45:38","modified_gmt":"2015-06-18T05:45:38","slug":"escuela-republica-argentina","status":"publish","type":"page","link":"https:\/\/pruebas-portal.mph.cl\/?page_id=10468","title":{"rendered":"Escuela Rep\u00fablica Argentina"},"content":{"rendered":"<p><strong style=\"line-height: 1.5em;\">Dependencia\u00a0<\/strong><span style=\"line-height: 1.5em;\">: Municipal.<br \/>\n<\/span><strong>Fecha de Fundaci\u00f3n<\/strong>\u00a0: 1890 aproximadamente.<br \/>\n<strong>Nivel Educacional que Imparte<\/strong>: Pre B\u00e1sica- B\u00e1sica.<br \/>\n<strong>Jornada <\/strong>: Ma\u00f1ana y tarde.<br \/>\n<strong>Equipo Directivo<\/strong>\u00a0\u00a0<strong>Pedag\u00f3gica<\/strong>\u00a0 : Conformado por 2 Directivos, m\u00e1s Jefede la Unidad T\u00e9cnica<br \/>\n<strong>Profesores <\/strong>: 12 profesores.<br \/>\n<strong>N\u00b0 de alumnos<\/strong>\u00a0: 260.<\/p>\n<p><strong>*RESE\u00d1A SOBRE EL ORIGEN Y DESARROLLO DEL ESTABLECIMIENTO<\/strong><\/p>\n<p>La Escuela Rep\u00fablica Argentina es un Establecimiento Municipal, siendo la m\u00e1s antigua de la comuna, con 25 a\u00f1os al servicio de nuestros vecinos.<\/p>\n<p>Si bien no existe fecha exacta de su fundaci\u00f3n, se estima que su creaci\u00f3n fue a fines de 1890, como resultado del Programa de Instrucci\u00f3n P\u00fablica de 1887. Fecha que el Presidente de la Rep\u00fablica , don Jos\u00e9 Manuel Balmaceda, destin\u00f3 recursos para la construcci\u00f3n de escuelas a lo largo del pa\u00eds. \u00a0Su nombre inicial fue Escuela Santa Cruz de la Victoria, posteriormente la Escuela Completa N\u00b04, despu\u00e9s se le asign\u00f3 el nombre de Escuela Superior N\u00b04 de Padre Hurtado , y en la d\u00e9cada de 1960 recibe el apadrinamiento de la Embajada de la Rep\u00fablica Argentina, nombr\u00e1ndola c\u00f3mo la Escuela \u201cRep\u00fablica Argentina\u201d de Padre Hurtado.<\/p>\n<p><iframe loading=\"lazy\" style=\"border: 0;\" src=\"https:\/\/www.google.com\/maps\/embed?pb=!1m18!1m12!1m3!1d3324.2634081048254!2d-70.8220536!3d-33.572509499999995!2m3!1f0!2f0!3f0!3m2!1i1024!2i768!4f13.1!3m3!1m2!1s0x9662e76502f4b1cf%3A0x3095aee9d044d9d!2sSan+Francisco+de+Borja+101%2C+Padre+Hurtado%2C+Regi%C3%B3n+Metropolitana!5e0!3m2!1ses!2scl!4v1434606210687\" height=\"200\" width=\"100%\" frameborder=\"0\"><\/iframe><\/p>\n","protected":false},"excerpt":{"rendered":"<p>Dependencia\u00a0: Municipal. Fecha de Fundaci\u00f3n\u00a0: 1890 aproximadamente. Nivel Educacional que Imparte: Pre B\u00e1sica- B\u00e1sica. Jornada : Ma\u00f1ana y tarde. Equipo Directivo\u00a0\u00a0Pedag\u00f3gica\u00a0 : Conformado por 2 Directivos, m\u00e1s Jefede la Unidad T\u00e9cnica Profesores : 12 profesores. N\u00b0 de alumnos\u00a0: 260. *RESE\u00d1A SOBRE EL ORIGEN Y DESARROLLO DEL ESTABLECIMIENTO La Escuela Rep\u00fablica Argentina es un Establecimiento Municipal,<\/p>\n<div class=\"read-more\"><a href=\"https:\/\/pruebas-portal.mph.cl\/?page_id=10468\" title=\"Read More\">Read More<\/a><\/div>\n","protected":false},"author":5,"featured_media":0,"parent":10352,"menu_order":0,"comment_status":"open","ping_status":"open","template":"page-blocks.php","meta":{"footnotes":""},"_links":{"self":[{"href":"https:\/\/pruebas-portal.mph.cl\/index.php?rest_route=\/wp\/v2\/pages\/10468"}],"collection":[{"href":"https:\/\/pruebas-portal.mph.cl\/index.php?rest_route=\/wp\/v2\/pages"}],"about":[{"href":"https:\/\/pruebas-portal.mph.cl\/index.php?rest_route=\/wp\/v2\/types\/page"}],"author":[{"embeddable":true,"href":"https:\/\/pruebas-portal.mph.cl\/index.php?rest_route=\/wp\/v2\/users\/5"}],"replies":[{"embeddable":true,"href":"https:\/\/pruebas-portal.mph.cl\/index.php?rest_route=%2Fwp%2Fv2%2Fcomments&post=10468"}],"version-history":[{"count":5,"href":"https:\/\/pruebas-portal.mph.cl\/index.php?rest_route=\/wp\/v2\/pages\/10468\/revisions"}],"predecessor-version":[{"id":10723,"href":"https:\/\/pruebas-portal.mph.cl\/index.php?rest_route=\/wp\/v2\/pages\/10468\/revisions\/10723"}],"up":[{"embeddable":true,"href":"https:\/\/pruebas-portal.mph.cl\/index.php?rest_route=\/wp\/v2\/pages\/10352"}],"wp:attachment":[{"href":"https:\/\/pruebas-portal.mph.cl\/index.php?rest_route=%2Fwp%2Fv2%2Fmedia&parent=10468"}],"curies":[{"name":"wp","href":"https:\/\/api.w.org\/{rel}","templated":true}]}}