{"id":10469,"date":"2015-06-10T02:01:33","date_gmt":"2015-06-10T06:01:33","guid":{"rendered":"https:\/\/pruebas-portal.mph.cl\/?page_id=10469"},"modified":"2019-07-10T09:53:14","modified_gmt":"2019-07-10T13:53:14","slug":"liceo-paul-harris","status":"publish","type":"page","link":"https:\/\/pruebas-portal.mph.cl\/?page_id=10469","title":{"rendered":"Liceo Bicentenario Paul Harris"},"content":{"rendered":"<p><strong>Establecimiento:<\/strong> \u00a0Liceo\u00a0 Paul\u00a0 Harris<br \/>\n<strong>Dependencia: \u00a0<\/strong>Municipal<br \/>\n<strong>Fecha de fundaci\u00f3n: \u00a0<\/strong>1941 seg\u00fan decreto supremo n\u00b0 4316 y 4360<br \/>\n<strong>Ubicaci\u00f3n:<\/strong> primera transversal 420, santa rosa de chena<br \/>\n<strong>Tipo de educaci\u00f3n que imparte:<\/strong> pre- b\u00e1sica,\u00a0 b\u00e1sica, media\u00a0 t\u00e9cnico profesional y educaci\u00f3n de adultos en niveles de ense\u00f1anza media<br \/>\n<strong>N\u00b0 alumnos<\/strong>: 616<br \/>\n<strong>Staf\u00a0 acad\u00e9mico<\/strong>:<br \/>\n2 Docentes directivos<br \/>\n2 Directivos t\u00e9cnicos<br \/>\n47 Docentes<\/p>\n<p>Jornada:\u00a0 J.E. C.\u00a0 y\u00a0 Vespertina<\/p>\n<p><strong>Director del establecimiento:<\/strong><br \/>\nLuisa Sanchez Contreras<\/p>\n<p><b>OBJETIVOS DE LA INSTITUCI\u00d3N:<\/b><\/p>\n<p>Formar j\u00f3venes \u00a0acad\u00e9micamente preparados\u00a0 para egresar\u00a0 como t\u00e9cnicos de mandos medios con un alto nivel de especializaci\u00f3n, poseedores de conocimientos tecnol\u00f3gicos actuales.<\/p>\n<p>Formar personas democr\u00e1ticas, solidarias, respetuosas con alta \u00a0sensibilidad \u00a0en el medio ambiente, promotores de la vida saludable, con esp\u00edritu de superaci\u00f3n y comprometidos con su comunidad.<\/p>\n<p>Alcanzar aprendizajes de calidad con metodolog\u00edas innovadoras que le permitan \u00a0un\u00a0 desarrollo\u00a0 progresivo de habilidades y destrezas.<\/p>\n<p>El establecimiento ha incorporado a su planta a trav\u00e9s de los recursos de la S.E.P.\u00a0 a equipos multidisciplinarios\u00a0 como: asistente social, sic\u00f3loga, psicopedagogos, asistentes de aula, quienes son un importante aporte,\u00a0\u00a0 para el desarrollo de los \u00a0educandos\u00a0 y para la optimizaci\u00f3n de sus logros acad\u00e9micos.<\/p>\n<p>Cuyo proyecto cuenta con objetivos espec\u00edficos\u00a0 en el aspecto curricular \u00a0para el mejoramiento de los subsectores\u00a0 de Lenguaje y Comunicaci\u00f3n, \u00a0Matem\u00e1ticas y Ciencias; este Plan se ha implementado con personal adicional\u00a0 y con\u00a0 clases innovadoras,\u00a0 con apoyo\u00a0 de medios \u00a0tecnol\u00f3gicos audiovisuales, como: \u00a0pizarras interactivas, laboratorio m\u00f3vil de ciencias, laboratorio computacional con red de enlaces, \u00a0proyectores multimedia, netbook individuales para uso de cada alumno del Primer Ciclo B\u00e1sico , fotocopiadora, \u00fatiles escolares,etc.<\/p>\n<p>Tambi\u00e9n\u00a0\u00a0 considera personal espec\u00edfico para el \u00e1rea de convivencia escolar\u00a0realizando atenci\u00f3n psicol\u00f3gica cl\u00ednica\u00a0 individual a \u00a0los alumnos que lo requieran\u00a0 y talleres grupales de desarrollo personal aplicados por dos sic\u00f3loga\u00a0con horario\u00a0 s\u00f3lo para el \u00a0establecimiento.<\/p>\n<p>Adem\u00e1s contamos con una Asistente Social que visita los hogares de los\u00a0 alumnos, prestando apoyo\u00a0 y asistencialidad\u00a0 a las familias de \u00a0los\u00a0 educandos.<\/p>\n<p>Se desarrollan\u00a0 actividades recreativas, deportivas, y art\u00edsticas a cargo de Monitores, con profesores especialista en Artes Musicales y\u00a0 Folklore con\u00a0Apoyo de\u00a0 Asistentes de Educaci\u00f3n para el cuidado de los alumnos.<\/p>\n<p>Contamos con atenci\u00f3n Psicopedag\u00f3gica\u00a0 personalizada\u00a0 para \u00a0los\u00a0 alumnos de Ense\u00f1anza B\u00e1sica y ayudant\u00eda a los docentes\u00a0 por\u00a0 equipos psicopedg\u00f3gicos\u00a0 y asistentes de aula.<\/p>\n<p>Nuestro Liceo\u00a0 es T\u00e9cnico Profesional y consta de cinco\u00a0 especialidades como: Atenci\u00f3n de Enfermer\u00eda, a cargo de Enfermeros Universitarios, \u00a0implementada\u00a0 totalmente con tecnolog\u00eda de punta.<\/p>\n<p>Este a\u00f1o se implement\u00f3 la carrera de Asistente de Geolog\u00eda, con docente especializado en el\u00a0 \u00e1rea,\u00a0 donde\u00a0 los\u00a0 alumnos\u00a0 son\u00a0 preparados\u00a0\u00a0 para\u00a0 trabajar\u00a0 en\u00a0 el\u00a0 sector\u00a0 minero.<\/p>\n<p>La\u00a0 especialidad\u00a0 de\u00a0 electricidad\u00a0 fue\u00a0 beneficiada\u00a0 por\u00a0 el\u00a0 proyecto\u00a0 de\u00a0 m\u00e1quinas\u00a0 y\u00a0 herramientas\u00a0 del\u00a0 ministerio\u00a0 de\u00a0 educaci\u00f3n,\u00a0 logrando la\u00a0 implementaci\u00f3n\u00a0\u00a0 con\u00a0 tecnolog\u00eda de\u00a0 punta.<\/p>\n<p>Tambi\u00e9n\u00a0 tenemos continuidad\u00a0 de las Especialidades de Mec\u00e1nica Automotriz Vestuario y Confecci\u00f3n Textil, quienes cuentan con un personal docente de alto nivel en cada especialidad,\u00a0 con implementaci\u00f3n vigente\u00a0 y materiales de insumo otorgado en forma gratuita a todos los estudiantes y convalidaci\u00f3n de ramos para estudios superiores en INACAP.<\/p>\n<p><b>PRINCIPALES PROYECTOS EDUCATIVOS EN DESARROLLO<\/b>.<\/p>\n<ul>\n<li>Proyecto Jornada Escolar Completa desde Pre Kinder a 4\u00ba Ense\u00f1anza Media<\/li>\n<li>Proyecto de Mejoramiento de\u00a0 Educaci\u00f3n Escolar Preferencial Desde Pre Kinder\u00a0 hasta 8\u00ba B\u00e1sico<\/li>\n<li>Proyecto de Integraci\u00f3n Escolar desde 1\u00ba a 8\u00ba B\u00e1sico<\/li>\n<li>Plan de Apoyo Compartido desde Pre Kinder hasta 4\u00ba B\u00e1sico<\/li>\n<li>Implementaci\u00f3n Laboratorio de Ciencias desde 1\u00ba a 8\u00ba B\u00e1sico<\/li>\n<li>Laboratorio de Inform\u00e1tica tanto\u00a0 B\u00e1sica\u00a0 como\u00a0 para Ense\u00f1anza Media<\/li>\n<li>Laboratorio\u00a0\u00a0 de\u00a0 computaci\u00f3n\u00a0 para\u00a0 las\u00a0 especialidades.<\/li>\n<li>Centro de Recursos Audiovisuales uno\u00a0 en\u00a0 B\u00e1sica, otro\u00a0 en Media.<\/li>\n<li>Escuela Promotora de la Salud<\/li>\n<li>Programas de Prevenci\u00f3n<\/li>\n<li>Programas de Prevenci\u00f3n Dental.<\/li>\n<li>Asesor\u00eda Psicocial<\/li>\n<\/ul>\n<p><b>ACTIVIDADES\u00a0 Y TALLERES EXTRAPROGRAMATICOS EN EJECUCION:<\/b><\/p>\n<ul>\n<li>Talleres Literarios y de\u00a0 Matem\u00e1ticas<\/li>\n<li>Talleres de Reforzamiento en Lenguaje<\/li>\n<li>Talleres Deportivos<\/li>\n<li>Talleres Extraescolares: Tenis de Mesa, Atletismo<\/li>\n<li>Talleres Art\u00edsticos<\/li>\n<li>Banda de Guerra del establecimiento<\/li>\n<li>Taller de Computaci\u00f3n<\/li>\n<li>Salida Educativas<\/li>\n<li>Escuela Abierta a la Comunidad con diversos Talleres para adultos.<\/li>\n<\/ul>\n<p><b>BENEFICIOS QUE EL ESTABLECIMIENTO EDUCACIONAL OFRECE A SUS ALUMNOS:<\/b><\/p>\n<ul>\n<li>Alimentaci\u00f3n Escolar<\/li>\n<li>\u00datiles\u00a0 Escolares gratuito para todos los alumnos<\/li>\n<li>Educaci\u00f3n Diferencial<\/li>\n<li>Apoyo personalizado en forma permanente a los alumnos que lo requieren<\/li>\n<li>Programas de Salud, oftalmog\u00eda.<\/li>\n<li>Programas de Atenci\u00f3n Dental Gratuita<\/li>\n<li>Terapias Individual y Grupal<\/li>\n<li>Atenci\u00f3n Psicol\u00f3gica Cl\u00ednica<\/li>\n<li>Atenci\u00f3n Psicopedag\u00f3gica<\/li>\n<li>Atenci\u00f3n de Asistencia Social<\/li>\n<li>Becas de Estudio otorgadas por Rotary Club de Santiago<\/li>\n<li>Becas de Retenci\u00f3n Escolar\u00a0 de Junaeb<\/li>\n<li>Becas Pago de P.S.U.<\/li>\n<li>Becas a alumnos en pr\u00e1ctica profesional.<\/li>\n<li>Becas de Excelencia Acad\u00e9mica para Estudios Superiores<\/li>\n<li>Ubicaci\u00f3n de empresas para pr\u00e1cticas profesionales.<\/li>\n<li>Elecciones democr\u00e1ticas de Centros de Alumnos en Ense\u00f1anza Media<\/li>\n<\/ul>\n<p><b><\/b><b>Redes de Apoyo:<\/b><\/p>\n<p><span style=\"line-height: 1.5em;\">El Liceo participa en:<\/span><\/p>\n<ul>\n<li>Red de Orientaci\u00f3n Vocacional<\/li>\n<li>Red de Jefes T\u00e9cnicos a nivel Provincial.<\/li>\n<li>Red de la Infancia<\/li>\n<li>Red de Profesores de Especialidad.<\/li>\n<li>Red de apoyo a la familia.<\/li>\n<li>Red apoyo CONACE.<\/li>\n<\/ul>\n<p><iframe loading=\"lazy\" style=\"border: 0;\" src=\"https:\/\/www.google.com\/maps\/embed?pb=!1m18!1m12!1m3!1d3324.612651857836!2d-70.7969154!3d-33.563438999999995!2m3!1f0!2f0!3f0!3m2!1i1024!2i768!4f13.1!3m3!1m2!1s0x9662dd9ba97dea8d%3A0x70f189df65d14a6d!2sPrimera+Transversal+420%2C+Padre+Hurtado%2C+Regi%C3%B3n+Metropolitana!5e0!3m2!1ses!2scl!4v1434605567620\" height=\"200\" width=\"100%\" frameborder=\"0\"><\/iframe><\/p>\n","protected":false},"excerpt":{"rendered":"<p>Establecimiento: \u00a0Liceo\u00a0 Paul\u00a0 Harris Dependencia: \u00a0Municipal Fecha de fundaci\u00f3n: \u00a01941 seg\u00fan decreto supremo n\u00b0 4316 y 4360 Ubicaci\u00f3n: primera transversal 420, santa rosa de chena Tipo de educaci\u00f3n que imparte: pre- b\u00e1sica,\u00a0 b\u00e1sica, media\u00a0 t\u00e9cnico profesional y educaci\u00f3n de adultos en niveles de ense\u00f1anza media N\u00b0 alumnos: 616 Staf\u00a0 acad\u00e9mico: 2 Docentes directivos 2 Directivos<\/p>\n<div class=\"read-more\"><a href=\"https:\/\/pruebas-portal.mph.cl\/?page_id=10469\" title=\"Read More\">Read More<\/a><\/div>\n","protected":false},"author":5,"featured_media":0,"parent":10352,"menu_order":0,"comment_status":"open","ping_status":"closed","template":"","meta":{"footnotes":""},"_links":{"self":[{"href":"https:\/\/pruebas-portal.mph.cl\/index.php?rest_route=\/wp\/v2\/pages\/10469"}],"collection":[{"href":"https:\/\/pruebas-portal.mph.cl\/index.php?rest_route=\/wp\/v2\/pages"}],"about":[{"href":"https:\/\/pruebas-portal.mph.cl\/index.php?rest_route=\/wp\/v2\/types\/page"}],"author":[{"embeddable":true,"href":"https:\/\/pruebas-portal.mph.cl\/index.php?rest_route=\/wp\/v2\/users\/5"}],"replies":[{"embeddable":true,"href":"https:\/\/pruebas-portal.mph.cl\/index.php?rest_route=%2Fwp%2Fv2%2Fcomments&post=10469"}],"version-history":[{"count":10,"href":"https:\/\/pruebas-portal.mph.cl\/index.php?rest_route=\/wp\/v2\/pages\/10469\/revisions"}],"predecessor-version":[{"id":14357,"href":"https:\/\/pruebas-portal.mph.cl\/index.php?rest_route=\/wp\/v2\/pages\/10469\/revisions\/14357"}],"up":[{"embeddable":true,"href":"https:\/\/pruebas-portal.mph.cl\/index.php?rest_route=\/wp\/v2\/pages\/10352"}],"wp:attachment":[{"href":"https:\/\/pruebas-portal.mph.cl\/index.php?rest_route=%2Fwp%2Fv2%2Fmedia&parent=10469"}],"curies":[{"name":"wp","href":"https:\/\/api.w.org\/{rel}","templated":true}]}}