{"id":10491,"date":"2015-06-10T03:27:29","date_gmt":"2015-06-10T03:27:29","guid":{"rendered":"https:\/\/pruebas-portal.mph.cl\/?page_id=10491"},"modified":"2025-06-16T10:45:46","modified_gmt":"2025-06-16T14:45:46","slug":"direccion-de-transito","status":"publish","type":"page","link":"https:\/\/pruebas-portal.mph.cl\/?page_id=10491","title":{"rendered":"Direcci\u00f3n de Tr\u00e1nsito"},"content":{"rendered":"<p><b>Director:<\/b> H\u00e9ctor Navarrete Moya (hnavarrete@mph.cl)<\/p>\n<p>FONO: 22 430 6084<\/p>\n<ul>\n<li>Descripci\u00f3n General<\/li>\n<li>Examen Licencia de Conducir<\/li>\n<li>Documentos<\/li>\n<\/ul>\n<h3>OBJETIVO.<\/h3>\n<p>Esta Direcci\u00f3n tiene por objetivo prestar un servicio completo y eficiente a la comunidad en el otorgamiento de licencias de conducir, permisos de circulaci\u00f3n, y en la mantenci\u00f3n adecuada de la se\u00f1alizaci\u00f3n del tr\u00e1nsito vigente en la comuna, debiendo cumplir fielmente las disposiciones que establece la Ley del Tr\u00e1nsito, leyes y dem\u00e1s reglamentos vigentes, relacionados con materias de tr\u00e1nsito y transporte p\u00fablico.<\/p>\n<h3>FUNCIONES GENERALES<\/h3>\n<ul>\n<li>Proponer al Alcalde para su dictaci\u00f3n normas sobre circulaci\u00f3n, detenci\u00f3n, estacionamiento de veh\u00edculos, tr\u00e1nsito peatonal y de cualquier actividad que afecte a la circulaci\u00f3n vehicular o peatonal, en aplicaci\u00f3n de lo establecido en la Ley de Tr\u00e1nsito.<\/li>\n<li>Planificar anualmente el otorgamiento de permisos de circulaci\u00f3n.<\/li>\n<li>Mantener actualizada y velar por el cumplimiento de la Ordenanza Local de Tr\u00e1nsito.<\/li>\n<li>Evaluar permanentemente los procedimientos empleados en su unidad de manera tal que \u00e9stos se encuentren actualizados y est\u00e9n acordes con una buena gesti\u00f3n.<\/li>\n<\/ul>\n<h3>FUNCIONES ESPEC\u00cdFICAS.<\/h3>\n<ul>\n<li>Medir la eficiencia en las labores del personal de la Direcci\u00f3n.<\/li>\n<li>Otorgar, renovar y denegar licencias para conducir veh\u00edculos y otorgar duplicados de \u00e9stas cuando procede e informar de estos antecedentes al Registro Nacional de Conductores.<\/li>\n<li>Mantener al d\u00eda el registro de antecedentes de los conductores a quienes se hubiere otorgado licencia para conducir.<\/li>\n<li>Otorgar y caducar los permisos de circulaci\u00f3n de veh\u00edculos efectuando el estudio, c\u00e1lculo y registro correspondiente.<\/li>\n<li>Mantener adecuadamente se\u00f1alizadas las v\u00edas p\u00fablicas para un correcto y efectivo uso de ellas.<\/li>\n<li>Cumplir con las normas e instrucciones emanadas del Ministerio de Transporte y Telecomunicaciones.<\/li>\n<li>Entregar informes t\u00e9cnicos que solicitan los Tribunales de Justicia y otras autoridades.<\/li>\n<li>Proponer el sentido de circulaci\u00f3n de veh\u00edculos, en coordinaci\u00f3n con los organismos de la Administraci\u00f3n del Estado competente cuando procediere.<\/li>\n<li>Supervigilar y administrar los contratos sobre Tr\u00e1nsito y Transporte, cuando procediere.<\/li>\n<li>Realizar informes t\u00e9cnicos en materias de tr\u00e1nsito, en coordinaci\u00f3n con otras direcciones municipales y organismos del Estado cuando se le solicite.<\/li>\n<li>Cumplir las dem\u00e1s funciones que le se\u00f1ale la Lea<\/li>\n<\/ul>\n<p>Tramites en Nuestra Direcci\u00f3n<\/p>\n<h1>Unidad Licencia de Conductor<\/h1>\n<dl class=\"sc-accordions\"><dt class=\"sc-accordion-title\"><a href=\"#\">Licencias de conductor<\/a><\/dt><dd class=\"sc-accordion-pane\">\n<p>Esta Unidad\u00a0 tiene por objeto: Otorgar, Renovar, Restringir, Denegar, Emitir duplicados de licencias de\u00a0 conductor. De acuerdo a Decreto Supremo nro. 170 normado del Art\u00edculo 12, <b>Ley de Transito 18.290<\/b>.<\/p>\n<p><b><span style=\"text-decoration: underline;\">Los postulantes a licencia de conductor, deber\u00e1n reunir los siguientes REQUISITOS GENERALES<\/span><\/b>:<\/p>\n<ol>\n<li>Acreditar idoneidad moral, f\u00edsica y ps\u00edquica;<\/li>\n<li>Acreditar conocimientos te\u00f3ricos y pr\u00e1cticos de conducci\u00f3n, as\u00ed como de las disposiciones legales y reglamentarias que rigen al tr\u00e1nsito p\u00fablico;<\/li>\n<li>Poseer c\u00e9dula nacional de identidad o de extranjer\u00eda vigentes, con letras o d\u00edgitos verificadores, y<\/li>\n<li>Acreditar, mediante declaraci\u00f3n jurada, que no es consumidor de drogas, estupefacientes o sustancias sicotr\u00f3picas prohibidas que alteren o modifiquen la plenitud de las capacidades f\u00edsicas o s\u00edquicas, conforme a las disposiciones contenidas en la ley N\u00ba 20.000 y su Reglamento. La fiscalizaci\u00f3n del cumplimiento de esta disposici\u00f3n se har\u00e1 de acuerdo con los art\u00edculos 182 y 183 de esta ley.<\/li>\n<\/ol>\n<p><b><span style=\"text-decoration: underline;\">RECOMENDACIONES:<\/span><\/b><b><\/b><\/p>\n<ol>\n<li>Si usted est\u00e1 afecto a penas de suspensi\u00f3n o inhabilidad para conducir o se le ha denegado con anterioridad una licencia de conductor, debe informarlo oportunamente antes de iniciar el tr\u00e1mite, tambi\u00e9n debe informar en caso de tener antecedentes penales, causas penales u otras.<\/li>\n<li>El Certificado de Antecedentes Del Conductor, tiene una validez de 30 d\u00edas, de la fecha de solicitud en el Registro Civil.<\/li>\n<li>Debe presentarse con tiempo a realizar el tr\u00e1mite de Control de licencia ya que cada proceso toma su tiempo.<\/li>\n<li>La Licencia se cancela al Final del Proceso.<\/li>\n<\/ol>\n<p align=\"center\"><b><span style=\"text-decoration: underline;\">LICENCIAS PROFESIONALES A1\/A2\/A3\/A4\/A5 <\/span><\/b><b>\u00a0(Ley 19.495<\/b><b>)<\/b><\/p>\n<p><b>1<\/b>)Terner como m\u00ednimo 20 a\u00f1os de edad<\/p>\n<p><b>2)<\/b> Acreditar haber estado en posesi\u00f3n de la licencia Clase B durante dos a\u00f1os;<\/p>\n<p><b>3)<\/b> Aprobar los cursos te\u00f3ricos y pr\u00e1cticos que impartan las escuelas de conductores profesionales Autorizada y reconocida por la Secretaria Regional Ministerial de Transporte y Telecomunicaciones<\/p>\n<p><b>4)<\/b> Acreditar, en caso de la Clase A-3, haber estado en posesi\u00f3n, durante a lo menos dos a\u00f1os, de la Licencia Profesional Clases A-1, A-2, A-4 o A-5. Trat\u00e1ndose de la Clase A-5, los postulantes deber\u00e1n acreditar haber estado en posesi\u00f3n, durante a lo menos dos a\u00f1os, de la licencia profesional clases A-2, A-3 o A-4.<\/p>\n<p><b>5)<\/b> <b><span style=\"text-decoration: underline;\">Ampliaci\u00f3n a Clase Profesional<\/span><\/b>:<\/p>\n<ol>\n<li>Acreditar ense\u00f1anza b\u00e1sica Completa.<\/li>\n<li>Acreditar residencia en la comuna.<\/li>\n<li>Aprobar Ex\u00e1menes correspondientes (Te\u00f3rico, Medico, Practico).<\/li>\n<\/ol>\n<p><b><span style=\"text-decoration: underline;\">Para el transporte de personas<\/span><\/b><\/p>\n<p><b><span style=\"text-decoration: underline;\">Clase A-1<\/span><\/b>: Para conducir taxis.<\/p>\n<p><b><span style=\"text-decoration: underline;\">Clase A-2<\/span><\/b>: Para conducir indistintamente taxis, ambulancias o veh\u00edculos motorizados de transporte p\u00fablico y privado de personas con capacidad de diez a diecisiete asientos, excluido el conductor.<\/p>\n<p><b><span style=\"text-decoration: underline;\">Clase A-3<\/span><\/b>: Para conducir indistintamente taxis, veh\u00edculos de transporte remunerado de escolares, ambulancias o veh\u00edculos motorizados de transporte p\u00fablico y privado de personas sin limitaci\u00f3n de capacidad de asientos.<\/p>\n<p><b><span style=\"text-decoration: underline;\">Para el transporte de carga<\/span><\/b><\/p>\n<p><b><span style=\"text-decoration: underline;\">Clase A-4:<\/span><\/b> Para conducir veh\u00edculos simples destinados al transporte de carga cuyo Peso Bruto Vehicular sea superior a 3.500 kilogramos.<\/p>\n<p><b><span style=\"text-decoration: underline;\">Clase A-5<\/span><\/b>: Para conducir todo tipo de veh\u00edculos motorizados, simples o articulados, destinados al transporte de carga cuyo Peso Bruto Vehicular sea superior a 3.500 kilogramos.<\/p>\n<p><b><span style=\"text-decoration: underline;\">LICENCIA NO PROFESIONAL<\/span><\/b><b>\u00a0\u00a0<\/b><\/p>\n<p><b><span style=\"text-decoration: underline;\">Clase B<\/span><\/b>: Para conducir veh\u00edculos motorizados de tres o m\u00e1s ruedas para el transporte particular de personas, con capacidad de hasta nueve asientos, excluido el del conductor, o de carga cuyo peso bruto vehicular sea de hasta 3.500 kilogramos, tales como autom\u00f3viles, motocoup\u00e9s, camionetas, furgones y furgonetas. Estos veh\u00edculos s\u00f3lo podr\u00e1n arrastrar un remolque cuyo peso no sea superior a la tara de la unidad motriz y siempre que el peso combinado no exceda de 3.500 kilos.<\/p>\n<p><b><span style=\"text-decoration: underline;\">Clase C<\/span><\/b>: Para conducir veh\u00edculos motorizados de dos o tres ruedas, con motor fijo o agregado, como motocicletas, motonetas, bicimotos y otros similares.<\/p>\n<p><b><span style=\"text-decoration: underline;\">LICENCIA ESPECIAL<\/span><\/b><\/p>\n<p><b><span style=\"text-decoration: underline;\">Clase D<\/span><\/b>: Para conducir maquinarias automotrices como tractores, sembradoras, cosechadoras, bulldozer, palas mec\u00e1nicas, palas cargadoras, aplanadoras, gr\u00faas, motoniveladoras, retroexcavadoras, tra\u00edllas y otras similares.<\/p>\n<p><b><span style=\"text-decoration: underline;\">Clase E<\/span><\/b>: Para conducir veh\u00edculos a tracci\u00f3n animal, como carretelas, coches, carrozas y otros similares.<\/p>\n<p><b><span style=\"text-decoration: underline;\">Clase F<\/span><\/b>: Para conducir veh\u00edculos motorizados de las Fuerzas Armadas, Carabineros de Chile, Polic\u00eda de Investigaciones de Chile, de Gendarmer\u00eda de Chile y Bomberos de Chile.<\/p>\n<\/dd>\n<dt class=\"sc-accordion-title\"><a href=\"#\">Licencia no Profesional B - C - D  y  Especial D \/ E \/ F<\/a><\/dt><dd class=\"sc-accordion-pane\">\n<p><b>LICENCIA NO PROFESIONAL, \u00a0CLASE B<\/b><\/p>\n<ol>\n<li>Tener como m\u00ednimo 18 a\u00f1os de edad. Excepcionalmente, se podr\u00e1 otorgar esta Licencia a postulantes que sean mayores de 17 a\u00f1os, que hayan aprobado un curso en una Escuela de Conductores, debida y expresamente autorizados por sus padres, apoderados o representantes legales.Dicha licencia excepcional s\u00f3lo habilitar\u00e1 para conducir acompa\u00f1ado, en el asiento delantero, de una persona en condiciones de sustituirlo en la conducci\u00f3n de acuerdo a lo establecido en el art\u00edculo 109 que sea poseedora de una licencia que lo habilite para conducir los tipos de veh\u00edculos motorizados para la Clase B cuya vigencia, a la fecha del control, tenga no menos de 5 a\u00f1os de antig\u00fcedad. Cumplidos los 18 a\u00f1os de edad, este \u00faltimo requisito se extinguir\u00e1 por el solo ministerio de la ley.El menor as\u00ed autorizado que sea sorprendido conduciendo sin cumplir con el requisito establecido en el inciso precedente, se considerar\u00e1 como conductor sin licencia para todos los efectos legales. Carabineros proceder\u00e1 a retirarle la Licencia y a ponerla a disposici\u00f3n del respectivo Tribunal. En la boleta de citaci\u00f3n se dejar\u00e1 constancia que \u00e9sta no lo habilita para seguir conduciendo.<\/li>\n<li>Acreditar ense\u00f1anza b\u00e1sica Completa.<\/li>\n<li>Acreditar residencia en la comuna.<\/li>\n<li>Aprobar Ex\u00e1menes correspondientes (Te\u00f3rico, Medico, Practico)<\/li>\n<\/ol>\n<p><b>LICENCIA NO PROFESIONAL, CLASE C \u00a0<\/b><\/p>\n<p><a href=\"https:\/\/pruebas-portal.mph.cl\/wp-content\/uploads\/2025\/06\/decreto-firmado.pdf\" target=\"_blank\" rel=\"noopener\">Circuito examen pr\u00e1ctico clase C<\/a><\/p>\n<ol>\n<li>Tener como m\u00ednimo 18 a\u00f1os de edad<\/li>\n<li>Acreditar ense\u00f1anza b\u00e1sica Completa.<\/li>\n<li>Acreditar residencia en la comuna.<\/li>\n<li>Aprobar Ex\u00e1menes correspondientes (Te\u00f3rico, Medico, Practico)<\/li>\n<\/ol>\n<p><b>LICENCIA ESPECIAL \u00a0CLASE D \u00a0\u00a0<\/b><\/p>\n<ol>\n<li>Tener como m\u00ednimo 18 a\u00f1os de edad;<\/li>\n<li>Saber leer y escribir.<\/li>\n<li>Acreditar Domicilio en la Comuna.<\/li>\n<li>Aprobar Ex\u00e1menes correspondientes (Te\u00f3rico, Medico, Practico y\/o Certificado que acredite si corresponde emitido por instituci\u00f3n de capacitaci\u00f3n o por el Empleador.<\/li>\n<\/ol>\n<p><b>LICENCIA ESPECIAL, CLASE E<\/b><\/p>\n<ol>\n<li>Tener como m\u00ednimo 18 a\u00f1os de edad, y<\/li>\n<li>Saber leer y escribir. Podr\u00e1 eximirse de este requisito quien apruebe un examen especial.<\/li>\n<\/ol>\n<p><b>LICENCIA ESPECIAL, CLASE F \u00a0 \u00a0<\/b><\/p>\n<ol>\n<li>Tener como m\u00ednimo 18 a\u00f1os de edad, y<\/li>\n<li>Aprobar los respectivos cursos institucionales.<\/li>\n<li>Acreditar residencia en la comuna.<\/li>\n<li>Cumplir Procedimiento General de Ex\u00e1menes.<\/li>\n<\/ol>\n<\/dd>\n<dt class=\"sc-accordion-title\"><a href=\"#\">Control Renovaci\u00f3n Clases:  A1, A2, A3, A4 ,A5 - LEY N\u00b019.495<\/a><\/dt><dd class=\"sc-accordion-pane\">\n<ol>\n<li>Presentar Licencia Anterior.<\/li>\n<li>Rendir y Aprobar Ex\u00e1menes Medico y \u00a0Psicot\u00e9cnico<\/li>\n<li>C\u00e9dula de Identidad Vigente<\/li>\n<li>Acreditar residencia en la comuna<\/li>\n<\/ol>\n<\/dd>\n<dt class=\"sc-accordion-title\"><a href=\"#\">Control Renovaci\u00f3n Licencia A1 y A2 - ley 18.290<\/a><\/dt><dd class=\"sc-accordion-pane\">\n<ol>\n<li>Presentar Licencia Anterior<\/li>\n<li>Aprobar Ex\u00e1menes correspondientes (Te\u00f3rico, Medico y psicot\u00e9cnico)<\/li>\n<li>Acreditar residencia en la comuna<\/li>\n<\/ol>\n<\/dd>\n<dt class=\"sc-accordion-title\"><a href=\"#\">Duplicado De Licencia De Conductor.<\/a><\/dt><dd class=\"sc-accordion-pane\">\n<ol>\n<li>Presentar certificado de bloqueo de licencia, extendida por el Registro Civil<\/li>\n<li>Copias de expediente de la municipalidad de origen, cuando proceda \u00a0y en este caso se solicita certificado de residencia<\/li>\n<li>Cumplir con el procedimiento general\u00a0 de La Direcci\u00f3n de Transito.<\/li>\n<\/ol>\n<\/dd>\n<dt class=\"sc-accordion-title\"><a href=\"#\">Ampliacion de Clase a Profesional  - No Profesional - Especiales<\/a><\/dt><dd class=\"sc-accordion-pane\"><strong><br \/>\n<\/strong><\/p>\n<ol>\n<li>Presentar Licencia Anterior.<\/li>\n<li><span style=\"line-height: 1.5em;\">Acreditar Residencia en la Comuna.<\/span><\/li>\n<li>Solicitar Carpeta a municipalidad de Origen en caso de no pertenecer a la comuna, licencia anterior.<\/li>\n<li>Curso Aprobado en Escuela de Conductores Profesional, Reconocida por la Seremitt<\/li>\n<li>Acreditar ense\u00f1anza b\u00e1sica completa si corresponde.<\/li>\n<li>Certificado que acredite manejo de maquinaria si corresponde emitido por instituci\u00f3n de Capacitaci\u00f3n o por el Empleador.<\/li>\n<li>Cumplir y Aprobar Ex\u00e1menes correspondientes (Te\u00f3rico, Medico y psicot\u00e9cnico, Practico si corresponde) por la Direcci\u00f3n de Transito.<\/li>\n<\/ol>\n<\/dd>\n<dt class=\"sc-accordion-title\"><a href=\"#\">CAMBIO DE DOMICILIO<\/a><\/dt><dd class=\"sc-accordion-pane\"><strong>CAMBIO DE DOMICILIO<\/strong>:<\/p>\n<ol>\n<li>Presentar Licencia Anterior.<\/li>\n<li>Acreditar Residencia en la Comuna.<\/li>\n<li>Solicitar Carpeta a municipalidad de Origen en caso de no pertenecer a la comuna licencia Anterior.<\/li>\n<li>Con Documento Otorgado por la Direcci\u00f3n de Tr\u00e1nsito, solicitar Certificado de Antecedentes del Conductor en Registro Civil.<\/li>\n<\/ol>\n<\/dd>\n<dt class=\"sc-accordion-title\"><a href=\"#\">Prepara tu examen Te\u00f3rico e inf\u00f3rmate aqu\u00ed<\/a><\/dt><dd class=\"sc-accordion-pane\">\n<p><a href=\"http:\/\/www.conaset.cl\/\" target=\"_blank\" rel=\"noopener noreferrer\">Conaset.cl<\/a><br \/>\n<a href=\"http:\/\/www.educacionvial.cl\/\" target=\"_blank\" rel=\"noopener noreferrer\">Educacionvial.cl<\/a><\/p>\n<\/dd>\n<\/dl>\n<h1>PERMISOS DE CIRCULACI\u00d3N<\/h1>\n<dl class=\"sc-accordions\"><dt class=\"sc-accordion-title\"><a href=\"#\">PERMISOS DE CIRCULACI\u00d3N<\/a><\/dt><dd class=\"sc-accordion-pane\">\n<p>La Unidad de Permisos de Circulaci\u00f3n tiene como objetivo la emisi\u00f3n y renovaci\u00f3n de Permisos de Circulaci\u00f3n de veh\u00edculos motorizados de acuerdo\u00a0 a lo estipulado por la Ley N\u00ba 3.063 de Rentas Municipales.<\/p>\n<p><b>Requisitos Renovaci\u00f3n Permisos de\u00a0 Circulaci\u00f3n:<\/b><\/p>\n<ul>\n<li>Permiso de Circulaci\u00f3n Anterior<\/li>\n<li>Revisi\u00f3n T\u00e9cnica u Homologaci\u00f3n<\/li>\n<li>Certificado de Emisiones de Contaminantes:<\/li>\n<li>Seguro Obligatorio SOAP<\/li>\n<li>Factura en caso de veh\u00edculos Nuevos<\/li>\n<\/ul>\n<p><b>Calendario de Renovaci\u00f3n de Permiso de Circulaci\u00f3n:<\/b><\/p>\n<p><b>Veh\u00edculos Particulares:\u00a0<\/b>hasta el 31 de Marzo de cada a\u00f1o, si cancela en cuotas la 2\u00ba cuota vence el 31 de Agosto.<br \/>\n<b>Veh\u00edculos\u00a0 Locomoci\u00f3n Colectiva:\u00a0<\/b>hasta el 31 de Mayo de cada a\u00f1o, si cancela en\u00a0 cuotas la 2\u00ba vence el 30 de Junio.<br \/>\n<b>Veh\u00edculos de Carga:\u00a0<\/b>hasta el 30 de Septiembre de cada a\u00f1o, si cancela en cuotas, la segunda vence el 31 de Octubre<\/p>\n<h3><b>TRASLADOS<\/b><\/h3>\n<p>De acuerdo a lo estipulado en el Decreto\u00a0 N\u00ba\u00a0<b>11\/2007<\/b>, que permite a las Municipalidades ingresar permisos de circulaci\u00f3n que est\u00e9n vigentes de cualquier municipalidad del Pa\u00eds, sin solicitar el traslado previamente, el Encargado de la Unidad de Permisos de Circulaci\u00f3n informa a las municipalidades de origen en un plazo de 10 d\u00edas para que sea eliminado de su registro Comunal.<\/p>\n<h3><b>PERMISO ESPECIAL DE TRASLADO<\/b><\/h3>\n<address>En atenci\u00f3n a lo establecido en el Articulo N\u00ba 14 Letra b) de la Ley 3.063 de Rentas Municipales, los veh\u00edculos que careciendo de Permiso de Circulaci\u00f3n por no estar en actividad, deban ser trasladado de un punto\u00a0 a otro, solo para repararlos o con otro objeto semejante, no podr\u00e1n otorgarse por mas de tres d\u00edas en cada mes para un mismo vehiculo.<\/address>\n<h3><b>EMPADRONAMIENTO CARROS DE ARRASTRE<\/b><\/h3>\n<p>Declaraci\u00f3n jurada, factura o documento que acredite el origen del carro de arrastre y sus caracter\u00edsticas.<b><\/b><\/p>\n<h3><b>VEHICULOS FUERA DE CIRCULACI\u00d3N<\/b><\/h3>\n<p>Si un vehiculo no renovara su permiso de Circulaci\u00f3n, el interesado debe completar una declaraci\u00f3n Jurada simple en la Direcci\u00f3n de Transito, para acogerse a la Ley 18.440. Dicha solicitud debe ser presentada a m\u00e1s tardar el 30 de Noviembre de cada a\u00f1o.<\/p>\n<p><b>DUPLICADO SELLO VERDE<\/b><\/p>\n<p>Se podr\u00e1 otorgar Duplicado del Sello Verde al contribuyente que haya obtenido su Permiso\u00a0 de Circulaci\u00f3n\u00a0 en est\u00e1 Municipalidad y deber\u00e1 presentar para ello Declaraci\u00f3n Jurada de deterioro y\/o adjuntando el sello deteriorado.<\/p>\n<p>Solo se podr\u00e1 otorgar duplicado de Sello Verde de un vehiculo que no pertenece al Registro Comunal de Permisos de Circulaci\u00f3n de esta Municipalidad, Cuando la municipalidad que lo otorgo se encuentre a mas de 150 kil\u00f3metros de distancia.<\/p>\n<p><b>CONTROL DE TAXIMENTRO<\/b><\/p>\n<p>Se entregar\u00e1\u00a0 Control de Tax\u00edmetro a los Taxis B\u00e1sicos, Ejecutivos\u00a0 y Turismos\u00a0 que cancelen su permiso de Circulaci\u00f3n en esta Comuna. La unidad de Permisos de Circulaci\u00f3n verificara el adecuado funcionamiento de los Tax\u00edmetros \u00a0para ello se instalara sello de seguridad foliado.<\/p>\n<p><b>DUPLICADO PERMISO DE CIRCULACION POR PERDIDA\u00a0 O ROBO<\/b><\/p>\n<p>Para el otorgamiento de Duplicado de Permiso de Circulaci\u00f3n debe exhibir el Padr\u00f3n y la Cedula de Identidad.<\/p>\n<p>Se podr\u00e1 otorgar el duplicado a otra persona autorizada por el propietario siempre y cuando este acompa\u00f1e un poder simple y la Cedula de Identidad.<\/p>\n<\/dd>\n<\/dl>\n<div class=\"row cf\"><div class=\"column half\"><\/div><div class=\"column half\">\n<blockquote>\n<div dir=\"ltr\">\n<div>\n<p><span style=\"text-decoration: underline;\"><strong>Director:<\/strong> <\/span>H\u00e9ctor Antonio Navarrete Moya.<\/p>\n<p><strong><span style=\"text-decoration: underline;\">Mail de Contacto para Transito:<\/span> <\/strong>transito@mph.cl<\/p>\n<p><strong><span style=\"text-decoration: underline;\">Secretaria de Transito:<\/span> <\/strong>22 430 6084<br \/>\n<strong><span style=\"text-decoration: underline;\">Atenci\u00f3n de Publico y Horas para Licencia de Conductor:<\/span><\/strong> 22 430 6086<br \/>\n<span style=\"text-decoration: underline;\"><strong>Encargado de Permiso de Circulaci\u00f3n: <\/strong><\/span>22 430 6088<br \/>\n<strong><span style=\"text-decoration: underline;\">Encargada de licencias de Conductor:<\/span> <\/strong>22 430 6089<\/p>\n<\/div>\n<div><\/div>\n<\/div>\n<\/blockquote>\n<p>&nbsp;<\/p>\n<div dir=\"ltr\"><\/div>\n<p>&nbsp;<\/p>\n<\/div><\/div>\n","protected":false},"excerpt":{"rendered":"<p>Director: H\u00e9ctor Navarrete Moya (hnavarrete@mph.cl) FONO: 22 430 6084 Descripci\u00f3n General Examen Licencia de Conducir Documentos OBJETIVO. Esta Direcci\u00f3n tiene por objetivo prestar un servicio completo y eficiente a la comunidad en el otorgamiento de licencias de conducir, permisos de circulaci\u00f3n, y en la mantenci\u00f3n adecuada de la se\u00f1alizaci\u00f3n del tr\u00e1nsito vigente en la comuna,<\/p>\n<div class=\"read-more\"><a href=\"https:\/\/pruebas-portal.mph.cl\/?page_id=10491\" title=\"Read More\">Read More<\/a><\/div>\n","protected":false},"author":5,"featured_media":0,"parent":0,"menu_order":0,"comment_status":"open","ping_status":"open","template":"","meta":{"footnotes":""},"_links":{"self":[{"href":"https:\/\/pruebas-portal.mph.cl\/index.php?rest_route=\/wp\/v2\/pages\/10491"}],"collection":[{"href":"https:\/\/pruebas-portal.mph.cl\/index.php?rest_route=\/wp\/v2\/pages"}],"about":[{"href":"https:\/\/pruebas-portal.mph.cl\/index.php?rest_route=\/wp\/v2\/types\/page"}],"author":[{"embeddable":true,"href":"https:\/\/pruebas-portal.mph.cl\/index.php?rest_route=\/wp\/v2\/users\/5"}],"replies":[{"embeddable":true,"href":"https:\/\/pruebas-portal.mph.cl\/index.php?rest_route=%2Fwp%2Fv2%2Fcomments&post=10491"}],"version-history":[{"count":64,"href":"https:\/\/pruebas-portal.mph.cl\/index.php?rest_route=\/wp\/v2\/pages\/10491\/revisions"}],"predecessor-version":[{"id":20300,"href":"https:\/\/pruebas-portal.mph.cl\/index.php?rest_route=\/wp\/v2\/pages\/10491\/revisions\/20300"}],"wp:attachment":[{"href":"https:\/\/pruebas-portal.mph.cl\/index.php?rest_route=%2Fwp%2Fv2%2Fmedia&parent=10491"}],"curies":[{"name":"wp","href":"https:\/\/api.w.org\/{rel}","templated":true}]}}