{"id":10495,"date":"2015-06-10T03:30:06","date_gmt":"2015-06-10T03:30:06","guid":{"rendered":"https:\/\/pruebas-portal.mph.cl\/?page_id=10495"},"modified":"2022-04-14T10:16:32","modified_gmt":"2022-04-14T14:16:32","slug":"direccion-de-control","status":"publish","type":"page","link":"https:\/\/pruebas-portal.mph.cl\/?page_id=10495","title":{"rendered":"Direcci\u00f3n de Control"},"content":{"rendered":"<p><b>Director: Ignacio Rosti\u00f3n Casas (irostion@mph.cl)<\/b><\/p>\n<p>FONO: 22 430 6092<\/p>\n<h3>OBJETIVO.<\/h3>\n<p>La Direcci\u00f3n de Control tiene como objetivo apoyar la gesti\u00f3n del Municipio, al igual que las restantes Direcciones Municipales, propendiendo, adem\u00e1s, por mandato legal, a que tanto dicha gesti\u00f3n como las actuaciones municipales se efect\u00faen dentro del marco de la legalidad vigente.<\/p>\n<h3>FUNCIONES.<\/h3>\n<ul>\n<li>Controlar la ejecuci\u00f3n financiera y presupuestaria municipal.<\/li>\n<li>Representar al Alcalde los actos municipales que estime ilegales, para cuyo objeto tendr\u00e1 acceso a toda la informaci\u00f3n disponible.<\/li>\n<li>Supervisar el correcto funcionamiento de los procesos municipales.<\/li>\n<li>Informar al Concejo sobre el cumplimiento de los objetivos de gesti\u00f3n institucional y las metas de desempe\u00f1o colectivo por \u00e1reas de trabajo, conforme a ley N\u00ba 19.803.<\/li>\n<li>Otras funciones que la Ley le encomiende.<\/li>\n<li>Realizar Auditor\u00edas.<\/li>\n<\/ul>\n<p>&nbsp;<\/p>\n","protected":false},"excerpt":{"rendered":"<p>Director: Ignacio Rosti\u00f3n Casas (irostion@mph.cl) FONO: 22 430 6092 OBJETIVO. La Direcci\u00f3n de Control tiene como objetivo apoyar la gesti\u00f3n del Municipio, al igual que las restantes Direcciones Municipales, propendiendo, adem\u00e1s, por mandato legal, a que tanto dicha gesti\u00f3n como las actuaciones municipales se efect\u00faen dentro del marco de la legalidad vigente. FUNCIONES. Controlar la<\/p>\n<div class=\"read-more\"><a href=\"https:\/\/pruebas-portal.mph.cl\/?page_id=10495\" title=\"Read More\">Read More<\/a><\/div>\n","protected":false},"author":5,"featured_media":0,"parent":0,"menu_order":0,"comment_status":"open","ping_status":"open","template":"","meta":{"footnotes":""},"_links":{"self":[{"href":"https:\/\/pruebas-portal.mph.cl\/index.php?rest_route=\/wp\/v2\/pages\/10495"}],"collection":[{"href":"https:\/\/pruebas-portal.mph.cl\/index.php?rest_route=\/wp\/v2\/pages"}],"about":[{"href":"https:\/\/pruebas-portal.mph.cl\/index.php?rest_route=\/wp\/v2\/types\/page"}],"author":[{"embeddable":true,"href":"https:\/\/pruebas-portal.mph.cl\/index.php?rest_route=\/wp\/v2\/users\/5"}],"replies":[{"embeddable":true,"href":"https:\/\/pruebas-portal.mph.cl\/index.php?rest_route=%2Fwp%2Fv2%2Fcomments&post=10495"}],"version-history":[{"count":8,"href":"https:\/\/pruebas-portal.mph.cl\/index.php?rest_route=\/wp\/v2\/pages\/10495\/revisions"}],"predecessor-version":[{"id":17977,"href":"https:\/\/pruebas-portal.mph.cl\/index.php?rest_route=\/wp\/v2\/pages\/10495\/revisions\/17977"}],"wp:attachment":[{"href":"https:\/\/pruebas-portal.mph.cl\/index.php?rest_route=%2Fwp%2Fv2%2Fmedia&parent=10495"}],"curies":[{"name":"wp","href":"https:\/\/api.w.org\/{rel}","templated":true}]}}