{"id":10506,"date":"2015-06-10T03:42:31","date_gmt":"2015-06-10T03:42:31","guid":{"rendered":"https:\/\/pruebas-portal.mph.cl\/?page_id=10506"},"modified":"2015-06-10T04:15:00","modified_gmt":"2015-06-10T04:15:00","slug":"valores-multas","status":"publish","type":"page","link":"https:\/\/pruebas-portal.mph.cl\/?page_id=10506","title":{"rendered":"Multas"},"content":{"rendered":"<p>La MULTA es una sanci\u00f3n pecuniaria o econ\u00f3mica, cuyo valor est\u00e1 expresado en la ley en tramos y \u00e9stos , a su vez expresados en Unidades variables como UTM (Unidad Tributarias Mensuales) o UF, y es el Juez el que considerando la mayor o menor gravedad de la infracci\u00f3n, los antecedente delinfractor , y las circunstancias eximentes, atenuantes o minorantes de responsabilidad, quien hace la determinaci\u00f3n definitiva de su monto en pesos.<\/p>\n<p>El Tribunal tiene por pr\u00e1ctica otorgar facilidades para el pago de las multas, con la limitante , primero, que la licencia de conducir no se devuelve sino despu\u00e9s de pagada totalmente la multa, y segundo, que si se ha impuesto la sanci\u00f3n de suspensi\u00f3n de la licencia , \u00e9sta corre a partir del pago total de la multa.<\/p>\n<h3>Valores de Multa.<\/h3>\n<p>CALIFICACI\u00d3N INFRACCIONES DE TRANSITO Y VALORES DE MULTAS.<\/p>\n<table border=\"1\" width=\"90%\" cellspacing=\"0\" cellpadding=\"0\" align=\"center\" bgcolor=\"#bbd7ff\">\n<tbody>\n<tr bgcolor=\"#cccccc\">\n<td width=\"31%\">Calificaci\u00f3n<\/td>\n<td width=\"21%\"><strong>Art.<\/strong><\/td>\n<td width=\"24%\"><strong>MINIMO en UTM<\/strong><\/td>\n<td width=\"24%\"><strong>MAXIMO en UTM<\/strong><\/td>\n<\/tr>\n<tr>\n<td valign=\"bottom\" width=\"31%\"><strong>GRAVISIMAS<\/strong><\/td>\n<td valign=\"bottom\" width=\"21%\"><strong>199<\/strong><\/td>\n<td valign=\"bottom\" width=\"24%\"><strong>1.5<\/strong><\/td>\n<td valign=\"bottom\" width=\"24%\"><strong>3.0<\/strong><\/td>\n<\/tr>\n<tr>\n<td valign=\"bottom\" width=\"31%\"><strong>GRAVES<\/strong><\/td>\n<td valign=\"bottom\" width=\"21%\"><strong>200<\/strong><\/td>\n<td valign=\"bottom\" width=\"24%\"><strong>1.0<\/strong><\/td>\n<td valign=\"bottom\" width=\"24%\"><strong>1.5<\/strong><\/td>\n<\/tr>\n<tr>\n<td valign=\"bottom\" width=\"31%\"><strong>MENOS GRAVES<\/strong><\/td>\n<td valign=\"bottom\" width=\"21%\"><strong>201<\/strong><\/td>\n<td valign=\"bottom\" width=\"24%\"><strong>0.5<\/strong><\/td>\n<td valign=\"bottom\" width=\"24%\"><strong>1.0<\/strong><\/td>\n<\/tr>\n<tr>\n<td valign=\"bottom\" width=\"31%\"><strong>LEVES<\/strong><\/td>\n<td valign=\"bottom\" width=\"21%\"><strong>202<\/strong><\/td>\n<td valign=\"bottom\" width=\"24%\"><strong>0.2<\/strong><\/td>\n<td valign=\"bottom\" width=\"24%\"><strong>0.5<\/strong><\/td>\n<\/tr>\n<\/tbody>\n<\/table>\n<p><strong>Opera un descuento de 25% del valor de la multa<br \/>\n<\/strong><br \/>\nSi el pago se hace dentro de 5\u00ba d\u00eda h\u00e1bil desde que se cursa la infracci\u00f3n, con lo cual el infractor reconoce y acepta la infracci\u00f3n y la imposici\u00f3n de la multa<\/p>\n<p>Se incluye el d\u00eda s\u00e1bado como d\u00eda h\u00e1bil conforme al art.27 de la ley N\u00ba 18.287<\/p>\n<p><strong>Las infracciones gravisimas no son susceptibles de descuento.<\/strong><\/p>\n<h3>Pagos<\/h3>\n<p>Para efectuar cualquier pago de multa, deber\u00e1 concurrir al Tribunal donde se expedir\u00e1 la Orden de Ingreso correspondiente para su pago en Caja Municipal. El pago puede hacerse de las siguientes formas:<\/p>\n<ol>\n<li>En dinero efectivo o mediante Vale Vista a la orden del Tesorero Municipal de Padre Hurtado<\/li>\n<li>Cheque al d\u00eda de la cuenta personal del infractor.<\/li>\n<li>Tarjeta de D\u00e9bito REDBANK<\/li>\n<li>Tarjetas de Cr\u00e9dito.<\/li>\n<li>Tarjeta Presto .<\/li>\n<\/ol>\n<p><strong>RECUERDE<\/strong> volver al Juzgado a entregar la copia del Bolet\u00edn de Pago para adherirlo a la causa y evitar posibles errores por no consignarse debidamente el pago. Es su RESPONSABILIDAD.RECUERDE tambi\u00e9n que si no se le ha suspendido su Licencia , con el Bolet\u00edn de pago debe volver a retirarla, en el evento que estuviera retenida.<\/p>\n","protected":false},"excerpt":{"rendered":"<p>La MULTA es una sanci\u00f3n pecuniaria o econ\u00f3mica, cuyo valor est\u00e1 expresado en la ley en tramos y \u00e9stos , a su vez expresados en Unidades variables como UTM (Unidad Tributarias Mensuales) o UF, y es el Juez el que considerando la mayor o menor gravedad de la infracci\u00f3n, los antecedente delinfractor , y las<\/p>\n<div class=\"read-more\"><a href=\"https:\/\/pruebas-portal.mph.cl\/?page_id=10506\" title=\"Read More\">Read More<\/a><\/div>\n","protected":false},"author":5,"featured_media":0,"parent":41,"menu_order":0,"comment_status":"open","ping_status":"open","template":"","meta":{"footnotes":""},"_links":{"self":[{"href":"https:\/\/pruebas-portal.mph.cl\/index.php?rest_route=\/wp\/v2\/pages\/10506"}],"collection":[{"href":"https:\/\/pruebas-portal.mph.cl\/index.php?rest_route=\/wp\/v2\/pages"}],"about":[{"href":"https:\/\/pruebas-portal.mph.cl\/index.php?rest_route=\/wp\/v2\/types\/page"}],"author":[{"embeddable":true,"href":"https:\/\/pruebas-portal.mph.cl\/index.php?rest_route=\/wp\/v2\/users\/5"}],"replies":[{"embeddable":true,"href":"https:\/\/pruebas-portal.mph.cl\/index.php?rest_route=%2Fwp%2Fv2%2Fcomments&post=10506"}],"version-history":[{"count":5,"href":"https:\/\/pruebas-portal.mph.cl\/index.php?rest_route=\/wp\/v2\/pages\/10506\/revisions"}],"predecessor-version":[{"id":10527,"href":"https:\/\/pruebas-portal.mph.cl\/index.php?rest_route=\/wp\/v2\/pages\/10506\/revisions\/10527"}],"up":[{"embeddable":true,"href":"https:\/\/pruebas-portal.mph.cl\/index.php?rest_route=\/wp\/v2\/pages\/41"}],"wp:attachment":[{"href":"https:\/\/pruebas-portal.mph.cl\/index.php?rest_route=%2Fwp%2Fv2%2Fmedia&parent=10506"}],"curies":[{"name":"wp","href":"https:\/\/api.w.org\/{rel}","templated":true}]}}