{"id":10539,"date":"2015-06-10T07:12:14","date_gmt":"2015-06-10T07:12:14","guid":{"rendered":"https:\/\/pruebas-portal.mph.cl\/?page_id=10539"},"modified":"2023-10-11T16:10:14","modified_gmt":"2023-10-11T20:10:14","slug":"como-llegar","status":"publish","type":"page","link":"https:\/\/pruebas-portal.mph.cl\/?page_id=10539","title":{"rendered":"Como llegar"},"content":{"rendered":"\t\t<div data-elementor-type=\"wp-page\" data-elementor-id=\"10539\" class=\"elementor elementor-10539\">\n\t\t\t\t\t\t<div class=\"elementor-inner\">\n\t\t\t\t<div class=\"elementor-section-wrap\">\n\t\t\t\t\t\t\t\t\t<section class=\"elementor-section elementor-top-section elementor-element elementor-element-23dd4359 elementor-section-boxed elementor-section-height-default elementor-section-height-default\" data-id=\"23dd4359\" data-element_type=\"section\">\n\t\t\t\t\t\t<div class=\"elementor-container elementor-column-gap-default\">\n\t\t\t\t\t\t\t<div class=\"elementor-row\">\n\t\t\t\t\t<div class=\"elementor-column elementor-col-100 elementor-top-column elementor-element elementor-element-67959396\" data-id=\"67959396\" data-element_type=\"column\">\n\t\t\t<div class=\"elementor-column-wrap elementor-element-populated\">\n\t\t\t\t\t\t\t<div class=\"elementor-widget-wrap\">\n\t\t\t\t\t\t<div class=\"elementor-element elementor-element-d7155b0 elementor-widget elementor-widget-text-editor\" data-id=\"d7155b0\" data-element_type=\"widget\" data-widget_type=\"text-editor.default\">\n\t\t\t\t<div class=\"elementor-widget-container\">\n\t\t\t\t\t\t\t\t<div class=\"elementor-text-editor elementor-clearfix\">\n\t\t\t\t<h3>Como llegar a Padre Hurtado desde Santiago en Autom\u00f3vil<\/h3><p><iframe loading=\"lazy\" style=\"border: 0;\" src=\"https:\/\/www.google.com\/maps\/embed?pb=!1m28!1m12!1m3!1d106451.42939341172!2d-70.82537889514087!3d-33.5115962106498!2m3!1f0!2f0!3f0!3m2!1i1024!2i768!4f13.1!4m13!3e6!4m5!1s0x9662d0069af23abb%3A0x879d59f409ed4897!2sSantiago%20Centro%2C%20Santiago!3m2!1d-33.4452217!2d-70.6573657!4m5!1s0x9662e7011f58cf3d%3A0x36b67e6aa8b16a7e!2sMUNICIPALIDAD%20DE%20PADRE%20HURTADO%20-%20Cmo.%20a%20Melipilla%203295%2C%209710000%20Padre%20Hurtado%2C%20Regi%C3%B3n%20Metropolitana%2C%20Chile!3m2!1d-33.577917!2d-70.8247718!5e0!3m2!1ses!2scl!4v1697053246499!5m2!1ses!2scl\" width=\"600\" height=\"450\" allowfullscreen=\"allowfullscreen\"><\/iframe><\/p><h3>\u00a0<\/h3><h3>Como llegar a Padre Hurtado desde Calera de Tango en autom\u00f3vil<\/h3><p><iframe loading=\"lazy\" style=\"border: 0;\" src=\"https:\/\/www.google.com\/maps\/embed?pb=!1m28!1m12!1m3!1d106348.78418068419!2d-70.89021629979712!3d-33.594937340178!2m3!1f0!2f0!3f0!3m2!1i1024!2i768!4f13.1!4m13!3e6!4m5!1s0x9662de4648988b43%3A0x8164e7ac9cbf5d2d!2sCalera%20de%20Tango%2C%20Regi%C3%B3n%20Metropolitana!3m2!1d-33.6291031!2d-70.7686968!4m5!1s0x9662e7011f58cf3d%3A0x36b67e6aa8b16a7e!2sMUNICIPALIDAD%20DE%20PADRE%20HURTADO%20-%20Cmo.%20a%20Melipilla%203295%2C%209710000%20Padre%20Hurtado%2C%20Regi%C3%B3n%20Metropolitana%2C%20Chile!3m2!1d-33.577917!2d-70.8247718!5e0!3m2!1ses!2scl!4v1697053705259!5m2!1ses!2scl\" width=\"600\" height=\"450\" allowfullscreen=\"allowfullscreen\"><\/iframe><\/p><h3><span style=\"font-family: Roboto, sans-serif; font-size: 18px;\">\u00a0<\/span><\/h3><h3><span style=\"font-family: Roboto, sans-serif; font-size: 18px;\">Como llegar a Padre Hurtado desde\u00a0Curacavi en autom\u00f3vil<\/span><\/h3><p><iframe loading=\"lazy\" style=\"border: 0;\" src=\"https:\/\/www.google.com\/maps\/embed?pb=!1m28!1m12!1m3!1d425916.74139719125!2d-71.2680571756403!3d-33.489028752296676!2m3!1f0!2f0!3f0!3m2!1i1024!2i768!4f13.1!4m13!3e6!4m5!1s0x96628ca8423a0f97%3A0x4f6317d639b2b559!2sCuracavi%2C%20Curacav%C3%AD!3m2!1d-33.4009037!2d-71.1267263!4m5!1s0x9662e7011f58cf3d%3A0x36b67e6aa8b16a7e!2sMUNICIPALIDAD%20DE%20PADRE%20HURTADO%20-%20Cmo.%20a%20Melipilla%203295%2C%209710000%20Padre%20Hurtado%2C%20Regi%C3%B3n%20Metropolitana%2C%20Chile!3m2!1d-33.577917!2d-70.8247718!5e0!3m2!1ses!2scl!4v1697053666298!5m2!1ses!2scl\" width=\"600\" height=\"450\" allowfullscreen=\"allowfullscreen\"><\/iframe><\/p><h3><span style=\"font-family: Roboto, sans-serif; font-size: 18px;\">\u00a0<\/span><\/h3><h3><span style=\"font-family: Roboto, sans-serif; font-size: 18px;\">Como llegar a Padre Hurtado desde Talagante en autom\u00f3vil<\/span><\/h3><p><iframe loading=\"lazy\" style=\"border: 0;\" src=\"https:\/\/www.google.com\/maps\/embed?pb=!1m28!1m12!1m3!1d53156.64585581287!2d-70.91363237815094!3d-33.62371244157801!2m3!1f0!2f0!3f0!3m2!1i1024!2i768!4f13.1!4m13!3e6!4m5!1s0x9662e220fb7f4e3b%3A0x57601084119ec3ee!2sTalagante%2C%20Regi%C3%B3n%20Metropolitana!3m2!1d-33.6625182!2d-70.9249706!4m5!1s0x9662e7011f58cf3d%3A0x36b67e6aa8b16a7e!2sMUNICIPALIDAD%20DE%20PADRE%20HURTADO%20-%20Cmo.%20a%20Melipilla%203295%2C%209710000%20Padre%20Hurtado%2C%20Regi%C3%B3n%20Metropolitana%2C%20Chile!3m2!1d-33.577917!2d-70.8247718!5e0!3m2!1ses!2scl!4v1697053591537!5m2!1ses!2scl\" width=\"600\" height=\"450\" allowfullscreen=\"allowfullscreen\"><\/iframe><\/p><p><strong style=\"line-height: 1.5em;\">En Transporte P\u00fablico (Buses Inter Urbano)<\/strong><\/p><p><strong>Desde Santiago:<\/strong><\/p><p>Terminal de Buses San Borja (Estaci\u00f3n Central),<\/p><p>Tomar Buses con Direcci\u00f3n a Talagante, Pe\u00f1aflor y Melipilla. (No tomar los buses que van directo por Autopista de Sol)<\/p><p><strong>Desde Maip\u00fa:\u00a0\u00a0<\/strong><strong>\u00a0<\/strong><\/p><ul><li>Paradero Plaza Maip\u00fa, Buses Talagante en direcci\u00f3n Talagante y bajarse desde el Km 20 en adelante hasta el Km 29 de Camino San Alberto Hurtado.<\/li><li>Paradero de colectivos a Padre Hurtado a un costado de la Plaza Monumento.<\/li><\/ul>\t\t\t\t\t<\/div>\n\t\t\t\t\t\t<\/div>\n\t\t\t\t<\/div>\n\t\t\t\t\t\t<\/div>\n\t\t\t\t\t<\/div>\n\t\t<\/div>\n\t\t\t\t\t\t\t\t<\/div>\n\t\t\t\t\t<\/div>\n\t\t<\/section>\n\t\t\t\t\t\t\t\t\t<\/div>\n\t\t\t<\/div>\n\t\t\t\t\t<\/div>\n\t\t","protected":false},"excerpt":{"rendered":"<p>Como llegar a Padre Hurtado desde Santiago en Autom\u00f3vil \u00a0 Como llegar a Padre Hurtado desde Calera de Tango en autom\u00f3vil \u00a0 Como llegar a Padre Hurtado desde\u00a0Curacavi en autom\u00f3vil \u00a0 Como llegar a Padre Hurtado desde Talagante en autom\u00f3vil En Transporte P\u00fablico (Buses Inter Urbano) Desde Santiago: Terminal de Buses San Borja (Estaci\u00f3n Central),<\/p>\n<div class=\"read-more\"><a href=\"https:\/\/pruebas-portal.mph.cl\/?page_id=10539\" title=\"Read More\">Read More<\/a><\/div>\n","protected":false},"author":5,"featured_media":0,"parent":10012,"menu_order":0,"comment_status":"open","ping_status":"open","template":"","meta":{"footnotes":""},"_links":{"self":[{"href":"https:\/\/pruebas-portal.mph.cl\/index.php?rest_route=\/wp\/v2\/pages\/10539"}],"collection":[{"href":"https:\/\/pruebas-portal.mph.cl\/index.php?rest_route=\/wp\/v2\/pages"}],"about":[{"href":"https:\/\/pruebas-portal.mph.cl\/index.php?rest_route=\/wp\/v2\/types\/page"}],"author":[{"embeddable":true,"href":"https:\/\/pruebas-portal.mph.cl\/index.php?rest_route=\/wp\/v2\/users\/5"}],"replies":[{"embeddable":true,"href":"https:\/\/pruebas-portal.mph.cl\/index.php?rest_route=%2Fwp%2Fv2%2Fcomments&post=10539"}],"version-history":[{"count":14,"href":"https:\/\/pruebas-portal.mph.cl\/index.php?rest_route=\/wp\/v2\/pages\/10539\/revisions"}],"predecessor-version":[{"id":19917,"href":"https:\/\/pruebas-portal.mph.cl\/index.php?rest_route=\/wp\/v2\/pages\/10539\/revisions\/19917"}],"up":[{"embeddable":true,"href":"https:\/\/pruebas-portal.mph.cl\/index.php?rest_route=\/wp\/v2\/pages\/10012"}],"wp:attachment":[{"href":"https:\/\/pruebas-portal.mph.cl\/index.php?rest_route=%2Fwp%2Fv2%2Fmedia&parent=10539"}],"curies":[{"name":"wp","href":"https:\/\/api.w.org\/{rel}","templated":true}]}}