{"id":10645,"date":"2015-06-14T07:14:24","date_gmt":"2015-06-14T07:14:24","guid":{"rendered":"https:\/\/pruebas-portal.mph.cl\/?page_id=10645"},"modified":"2021-07-14T11:44:03","modified_gmt":"2021-07-14T15:44:03","slug":"centro-recreacional-pcv","status":"publish","type":"page","link":"https:\/\/pruebas-portal.mph.cl\/?page_id=10645","title":{"rendered":"Centro Recreacional  El Tabo"},"content":{"rendered":"<p><img decoding=\"async\" loading=\"lazy\" class=\"alignnone size-medium wp-image-15196\" src=\"https:\/\/pruebas-portal.mph.cl\/wp-content\/uploads\/2021\/07\/el-tabo-300x200.jpg\" alt=\"\" width=\"300\" height=\"200\" srcset=\"https:\/\/pruebas-portal.mph.cl\/wp-content\/uploads\/2021\/07\/el-tabo-300x200.jpg 300w, https:\/\/pruebas-portal.mph.cl\/wp-content\/uploads\/2021\/07\/el-tabo-768x512.jpg 768w, https:\/\/pruebas-portal.mph.cl\/wp-content\/uploads\/2021\/07\/el-tabo.jpg 1024w\" sizes=\"(max-width: 300px) 100vw, 300px\" \/><\/p>\n<p><strong>Administrado por la Direcci\u00f3n de Medio Ambiente Aseo y Operaciones<\/strong><\/p>\n<p><strong>fono: 22 430 6041<\/strong><\/p>\n<p>El Complejo Recreativo \u201cEl Tabo\u201d, est\u00e1 ubicado en pleno Litoral Central, a primera l\u00ednea a escasos metros de la playa. Cuenta con una gran cocina, quinchos para hacer asado, ba\u00f1os, camarines, un extenso comedor y casillero.<\/p>\n<p>Es para que los padrehurtadinos puedan ir por el d\u00eda a disfrutar de este moderno recinto.<\/p>\n<p>&nbsp;<\/p>\n<p><iframe loading=\"lazy\" style=\"border: 0;\" src=\"https:\/\/www.google.com\/maps\/embed?pb=!1m18!1m12!1m3!1d3328.5569245544266!2d-71.66024848509122!3d-33.46084830543149!2m3!1f0!2f0!3f0!3m2!1i1024!2i768!4f13.1!3m3!1m2!1s0x966215e504966619%3A0xbdba72947e2d5977!2sAvda.%20del%20Mar%2C%20El%20Tabo%2C%20Valpara%C3%ADso!5e0!3m2!1ses-419!2scl!4v1626276075554!5m2!1ses-419!2scl\" width=\"600\" height=\"450\" allowfullscreen=\"allowfullscreen\"><\/iframe><\/p>\n","protected":false},"excerpt":{"rendered":"<p>Administrado por la Direcci\u00f3n de Medio Ambiente Aseo y Operaciones fono: 22 430 6041 El Complejo Recreativo \u201cEl Tabo\u201d, est\u00e1 ubicado en pleno Litoral Central, a primera l\u00ednea a escasos metros de la playa. Cuenta con una gran cocina, quinchos para hacer asado, ba\u00f1os, camarines, un extenso comedor y casillero. Es para que los padrehurtadinos<\/p>\n<div class=\"read-more\"><a href=\"https:\/\/pruebas-portal.mph.cl\/?page_id=10645\" title=\"Read More\">Read More<\/a><\/div>\n","protected":false},"author":5,"featured_media":0,"parent":52,"menu_order":0,"comment_status":"open","ping_status":"open","template":"","meta":{"footnotes":""},"_links":{"self":[{"href":"https:\/\/pruebas-portal.mph.cl\/index.php?rest_route=\/wp\/v2\/pages\/10645"}],"collection":[{"href":"https:\/\/pruebas-portal.mph.cl\/index.php?rest_route=\/wp\/v2\/pages"}],"about":[{"href":"https:\/\/pruebas-portal.mph.cl\/index.php?rest_route=\/wp\/v2\/types\/page"}],"author":[{"embeddable":true,"href":"https:\/\/pruebas-portal.mph.cl\/index.php?rest_route=\/wp\/v2\/users\/5"}],"replies":[{"embeddable":true,"href":"https:\/\/pruebas-portal.mph.cl\/index.php?rest_route=%2Fwp%2Fv2%2Fcomments&post=10645"}],"version-history":[{"count":11,"href":"https:\/\/pruebas-portal.mph.cl\/index.php?rest_route=\/wp\/v2\/pages\/10645\/revisions"}],"predecessor-version":[{"id":15223,"href":"https:\/\/pruebas-portal.mph.cl\/index.php?rest_route=\/wp\/v2\/pages\/10645\/revisions\/15223"}],"up":[{"embeddable":true,"href":"https:\/\/pruebas-portal.mph.cl\/index.php?rest_route=\/wp\/v2\/pages\/52"}],"wp:attachment":[{"href":"https:\/\/pruebas-portal.mph.cl\/index.php?rest_route=%2Fwp%2Fv2%2Fmedia&parent=10645"}],"curies":[{"name":"wp","href":"https:\/\/api.w.org\/{rel}","templated":true}]}}