{"id":10657,"date":"2015-06-14T07:16:29","date_gmt":"2015-06-14T07:16:29","guid":{"rendered":"https:\/\/pruebas-portal.mph.cl\/?page_id=10657"},"modified":"2021-07-14T12:13:43","modified_gmt":"2021-07-14T16:13:43","slug":"estadio-julio-covarrubias","status":"publish","type":"page","link":"https:\/\/pruebas-portal.mph.cl\/?page_id=10657","title":{"rendered":"Estadio Julio Covarrubias"},"content":{"rendered":"<p><img decoding=\"async\" loading=\"lazy\" class=\"alignnone  wp-image-15230\" src=\"https:\/\/pruebas-portal.mph.cl\/wp-content\/uploads\/2021\/07\/1-8.jpg\" alt=\"\" width=\"411\" height=\"231\" srcset=\"https:\/\/pruebas-portal.mph.cl\/wp-content\/uploads\/2021\/07\/1-8.jpg 1024w, https:\/\/pruebas-portal.mph.cl\/wp-content\/uploads\/2021\/07\/1-8-300x169.jpg 300w, https:\/\/pruebas-portal.mph.cl\/wp-content\/uploads\/2021\/07\/1-8-768x432.jpg 768w\" sizes=\"(max-width: 411px) 100vw, 411px\" \/> <img decoding=\"async\" loading=\"lazy\" class=\"alignnone  wp-image-15231\" src=\"https:\/\/pruebas-portal.mph.cl\/wp-content\/uploads\/2021\/07\/2-6.jpg\" alt=\"\" width=\"418\" height=\"235\" srcset=\"https:\/\/pruebas-portal.mph.cl\/wp-content\/uploads\/2021\/07\/2-6.jpg 1024w, https:\/\/pruebas-portal.mph.cl\/wp-content\/uploads\/2021\/07\/2-6-300x169.jpg 300w, https:\/\/pruebas-portal.mph.cl\/wp-content\/uploads\/2021\/07\/2-6-768x432.jpg 768w\" sizes=\"(max-width: 418px) 100vw, 418px\" \/><\/p>\n<p>&nbsp;<\/p>\n<p>Recinto deportivo con cancha de f\u00fatbol sint\u00e9tica, donde tambi\u00e9n se instal\u00f3 un moderno sistema de iluminaci\u00f3n.<\/p>\n<p>Al interior de este complejo deportivo, hay un moderno gimnasio, con una cancha de b\u00e1squetbol de alta tecnolog\u00eda, donde se desarrolla la liga local.\u00a0 <b><span style=\"text-decoration: underline;\">\u00a0<\/span><\/b><\/p>\n<p><iframe loading=\"lazy\" style=\"border: 0;\" src=\"https:\/\/www.google.com\/maps\/embed?pb=!1m14!1m8!1m3!1d3026.0397997472232!2d-70.8033456!3d-33.559933799999996!3m2!1i1024!2i768!4f13.1!3m3!1m2!1s0x9662dd83ea2525f1%3A0xb6ae631df0cd0f27!2sCamino+A+Melipilla+980%2C+Padre+Hurtado%2C+Regi%C3%B3n+Metropolitana%2C+Chile!5e1!3m2!1ses!2s!4v1406512752532\" width=\"100%\" height=\"200\" frameborder=\"0\"><\/iframe><\/p>\n","protected":false},"excerpt":{"rendered":"<p>&nbsp; Recinto deportivo con cancha de f\u00fatbol sint\u00e9tica, donde tambi\u00e9n se instal\u00f3 un moderno sistema de iluminaci\u00f3n. Al interior de este complejo deportivo, hay un moderno gimnasio, con una cancha de b\u00e1squetbol de alta tecnolog\u00eda, donde se desarrolla la liga local.\u00a0 \u00a0<\/p>\n","protected":false},"author":5,"featured_media":0,"parent":52,"menu_order":0,"comment_status":"open","ping_status":"open","template":"","meta":{"footnotes":""},"_links":{"self":[{"href":"https:\/\/pruebas-portal.mph.cl\/index.php?rest_route=\/wp\/v2\/pages\/10657"}],"collection":[{"href":"https:\/\/pruebas-portal.mph.cl\/index.php?rest_route=\/wp\/v2\/pages"}],"about":[{"href":"https:\/\/pruebas-portal.mph.cl\/index.php?rest_route=\/wp\/v2\/types\/page"}],"author":[{"embeddable":true,"href":"https:\/\/pruebas-portal.mph.cl\/index.php?rest_route=\/wp\/v2\/users\/5"}],"replies":[{"embeddable":true,"href":"https:\/\/pruebas-portal.mph.cl\/index.php?rest_route=%2Fwp%2Fv2%2Fcomments&post=10657"}],"version-history":[{"count":6,"href":"https:\/\/pruebas-portal.mph.cl\/index.php?rest_route=\/wp\/v2\/pages\/10657\/revisions"}],"predecessor-version":[{"id":15232,"href":"https:\/\/pruebas-portal.mph.cl\/index.php?rest_route=\/wp\/v2\/pages\/10657\/revisions\/15232"}],"up":[{"embeddable":true,"href":"https:\/\/pruebas-portal.mph.cl\/index.php?rest_route=\/wp\/v2\/pages\/52"}],"wp:attachment":[{"href":"https:\/\/pruebas-portal.mph.cl\/index.php?rest_route=%2Fwp%2Fv2%2Fmedia&parent=10657"}],"curies":[{"name":"wp","href":"https:\/\/api.w.org\/{rel}","templated":true}]}}