{"id":10680,"date":"2015-06-16T18:27:12","date_gmt":"2015-06-16T18:27:12","guid":{"rendered":"https:\/\/pruebas-portal.mph.cl\/?page_id=10680"},"modified":"2015-06-26T18:34:28","modified_gmt":"2015-06-26T18:34:28","slug":"jardin-infantil-cristal-chile","status":"publish","type":"page","link":"https:\/\/pruebas-portal.mph.cl\/?page_id=10680","title":{"rendered":"Jard\u00edn Infantil Cristal Chile"},"content":{"rendered":"<p><b><span style=\"text-decoration: underline;\">Sala Cuna y Jardines Infantiles<\/span><\/b><\/p>\n<p><b>Cristal Chile:<\/b><\/p>\n<p><b>Fecha de Fundaci\u00f3n:\u00a0\u00a0\u00a0\u00a0 21 de junio de 2010.<\/b><\/p>\n<p><b>Cantidad de Alumnos: 106.<\/b><\/p>\n<p><b>Dependencia: Municipal, v\u00eda transferencia JUNJI.<\/b><\/p>\n<p><b>Jornada Escolar: Completa de 08:30 a 16:30, extensiva hasta las 18:30 hrs.<\/b><\/p>\n<p><b>Nivel educacional impartido: Sala Cuna y Jard\u00edn Infantil, en todos sus niveles. <\/b><\/p>\n<p><b>Directora: Tanya Alarc\u00f3n Escanilla.<\/b><\/p>\n<p><b>Educadoras de P\u00e1rvulos: 3<\/b><\/p>\n<div>\n<p><b>T\u00e9cnicos: 12<\/b><\/p>\n<\/div>\n<p style=\"text-align: left;\" align=\"center\"><b>RESE\u00d1A HIST\u00d3RICA DE LA SALA CUNA\u00a0 JARD\u00cdN INFANTIL CRISTAL CHILE<\/b><b>\u00a0<\/b><\/p>\n<p>El 21 de Junio de 2010, bajo la administraci\u00f3n del Se\u00f1or Alcalde de Padre Hurtado, don Jos\u00e9 Miguel Arellano Merino, se da inicio al funcionamiento de la sala cuna y jard\u00edn infantil \u201cCristal Chile\u201d, debido a la necesidad del sector de contar con un establecimiento educacional que pudiera satisfacer las necesidades de los ni\u00f1os y ni\u00f1as de la comunidad en el que se encuentra inserto.<\/p>\n<p>El sector en el que est\u00e1 ubicado el establecimiento, s\u00f3lo tiene dos escuelas con atenci\u00f3n a ni\u00f1os y ni\u00f1as sobre los 4 a\u00f1os.<\/p>\n<p>Por ello que los menores de esa edad se encontraban fuera de un sistema educacional que pudiera entregarles las herramientas para desenvolverse de mejor manera. Adem\u00e1s las madres, al no tener un lugar donde dejar a sus hijos, no pod\u00edan salir a trabajar con la confianza que necesitaban.<\/p>\n<p>Esta Sala Cuna y Jard\u00edn Infantil atiende a todos los ni\u00f1os y ni\u00f1as de la comunidad que cumplan con los est\u00e1ndares de focalizaci\u00f3n emanados desde Junji, con el fin de que nuestra atenci\u00f3n sea canalizada al quintil m\u00e1s pobre de la poblaci\u00f3n<\/p>\n","protected":false},"excerpt":{"rendered":"<p>Sala Cuna y Jardines Infantiles Cristal Chile: Fecha de Fundaci\u00f3n:\u00a0\u00a0\u00a0\u00a0 21 de junio de 2010. Cantidad de Alumnos: 106. Dependencia: Municipal, v\u00eda transferencia JUNJI. Jornada Escolar: Completa de 08:30 a 16:30, extensiva hasta las 18:30 hrs. Nivel educacional impartido: Sala Cuna y Jard\u00edn Infantil, en todos sus niveles. Directora: Tanya Alarc\u00f3n Escanilla. Educadoras de P\u00e1rvulos:<\/p>\n<div class=\"read-more\"><a href=\"https:\/\/pruebas-portal.mph.cl\/?page_id=10680\" title=\"Read More\">Read More<\/a><\/div>\n","protected":false},"author":5,"featured_media":0,"parent":0,"menu_order":0,"comment_status":"open","ping_status":"open","template":"","meta":{"footnotes":""},"_links":{"self":[{"href":"https:\/\/pruebas-portal.mph.cl\/index.php?rest_route=\/wp\/v2\/pages\/10680"}],"collection":[{"href":"https:\/\/pruebas-portal.mph.cl\/index.php?rest_route=\/wp\/v2\/pages"}],"about":[{"href":"https:\/\/pruebas-portal.mph.cl\/index.php?rest_route=\/wp\/v2\/types\/page"}],"author":[{"embeddable":true,"href":"https:\/\/pruebas-portal.mph.cl\/index.php?rest_route=\/wp\/v2\/users\/5"}],"replies":[{"embeddable":true,"href":"https:\/\/pruebas-portal.mph.cl\/index.php?rest_route=%2Fwp%2Fv2%2Fcomments&post=10680"}],"version-history":[{"count":2,"href":"https:\/\/pruebas-portal.mph.cl\/index.php?rest_route=\/wp\/v2\/pages\/10680\/revisions"}],"predecessor-version":[{"id":10742,"href":"https:\/\/pruebas-portal.mph.cl\/index.php?rest_route=\/wp\/v2\/pages\/10680\/revisions\/10742"}],"wp:attachment":[{"href":"https:\/\/pruebas-portal.mph.cl\/index.php?rest_route=%2Fwp%2Fv2%2Fmedia&parent=10680"}],"curies":[{"name":"wp","href":"https:\/\/api.w.org\/{rel}","templated":true}]}}