{"id":17286,"date":"2021-11-29T11:15:56","date_gmt":"2021-11-29T15:15:56","guid":{"rendered":"https:\/\/pruebas-portal.mph.cl\/?page_id=17286"},"modified":"2023-02-27T10:57:49","modified_gmt":"2023-02-27T14:57:49","slug":"juzgado-de-policia-local","status":"publish","type":"page","link":"https:\/\/pruebas-portal.mph.cl\/?page_id=17286","title":{"rendered":"Juzgado Polic\u00eda Local"},"content":{"rendered":"<p>Los Juzgados de Polic\u00eda Local son Tribunales especiales que tienen por objeto administrar justicia en conformidad a<\/p>\n<p>las normas establecidas en la Ley N\u00ba 15.231, Org\u00e1nica de los Juzgados de Polic\u00eda Local.<\/p>\n<p>Dependen administrativamente de la Municipalidad y t\u00e9cnicamente del Poder Judicial.<\/p>\n<p>Las infracciones de: Tr\u00e1nsito y transporte p\u00fablico.<\/p>\n<p>Ordenanzas y Reglamentos Municipales y Decretos Alcaldicios.<\/p>\n<p>Contiendas entre los copropietarios entre \u00e9stos y el administrador, relativas a la administraci\u00f3n del respectivo condominio, en el caso de inmuebles acogidos a la Ley de Copropiedad Inmobiliaria.<\/p>\n<p>Infracci\u00f3n a la Ley N\u00ba19.496 que establece normas de protecci\u00f3n de los Derechos de los Consumidores, Infracciones a leyes especiales tales como la de Rentas Municipales; Ley General de Urbanismo y Construcciones y Ordenanza respectiva; Ley de Calificaci\u00f3n<\/p>\n<p><img decoding=\"async\" loading=\"lazy\" src=\"https:\/\/pruebas-portal.mph.cl\/wp-content\/uploads\/2015\/06\/juez_mph1-300x268.jpg\" sizes=\"(max-width: 300px) 100vw, 300px\" srcset=\"https:\/\/pruebas-portal.mph.cl\/wp-content\/uploads\/2015\/06\/juez_mph1-300x268.jpg 300w, https:\/\/pruebas-portal.mph.cl\/wp-content\/uploads\/2015\/06\/juez_mph1.jpg 455w\" alt=\"\" width=\"300\" height=\"268\" \/><\/p>\n<h2>Juez de Polic\u00eda Local<\/h2>\n<p>Ismael Gonz\u00e1lez Moreno.<\/p>\n","protected":false},"excerpt":{"rendered":"<p>Los Juzgados de Polic\u00eda Local son Tribunales especiales que tienen por objeto administrar justicia en conformidad a las normas establecidas en la Ley N\u00ba 15.231, Org\u00e1nica de los Juzgados de Polic\u00eda Local. Dependen administrativamente de la Municipalidad y t\u00e9cnicamente del Poder Judicial. Las infracciones de: Tr\u00e1nsito y transporte p\u00fablico. Ordenanzas y Reglamentos Municipales y Decretos<\/p>\n<div class=\"read-more\"><a href=\"https:\/\/pruebas-portal.mph.cl\/?page_id=17286\" title=\"Read More\">Read More<\/a><\/div>\n","protected":false},"author":7,"featured_media":0,"parent":0,"menu_order":0,"comment_status":"closed","ping_status":"closed","template":"","meta":{"footnotes":""},"_links":{"self":[{"href":"https:\/\/pruebas-portal.mph.cl\/index.php?rest_route=\/wp\/v2\/pages\/17286"}],"collection":[{"href":"https:\/\/pruebas-portal.mph.cl\/index.php?rest_route=\/wp\/v2\/pages"}],"about":[{"href":"https:\/\/pruebas-portal.mph.cl\/index.php?rest_route=\/wp\/v2\/types\/page"}],"author":[{"embeddable":true,"href":"https:\/\/pruebas-portal.mph.cl\/index.php?rest_route=\/wp\/v2\/users\/7"}],"replies":[{"embeddable":true,"href":"https:\/\/pruebas-portal.mph.cl\/index.php?rest_route=%2Fwp%2Fv2%2Fcomments&post=17286"}],"version-history":[{"count":7,"href":"https:\/\/pruebas-portal.mph.cl\/index.php?rest_route=\/wp\/v2\/pages\/17286\/revisions"}],"predecessor-version":[{"id":18946,"href":"https:\/\/pruebas-portal.mph.cl\/index.php?rest_route=\/wp\/v2\/pages\/17286\/revisions\/18946"}],"wp:attachment":[{"href":"https:\/\/pruebas-portal.mph.cl\/index.php?rest_route=%2Fwp%2Fv2%2Fmedia&parent=17286"}],"curies":[{"name":"wp","href":"https:\/\/api.w.org\/{rel}","templated":true}]}}