{"id":17986,"date":"2022-04-14T11:00:15","date_gmt":"2022-04-14T15:00:15","guid":{"rendered":"https:\/\/pruebas-portal.mph.cl\/?page_id=17986"},"modified":"2022-04-14T13:13:12","modified_gmt":"2022-04-14T17:13:12","slug":"educacion-2","status":"publish","type":"page","link":"https:\/\/pruebas-portal.mph.cl\/?page_id=17986","title":{"rendered":"Educaci\u00f3n"},"content":{"rendered":"<p><strong>Directora: Carla Burgos Ferretti (cburgos@educacion.mph.cl)<\/strong><\/p>\n<h3>OBJETIVO.<\/h3>\n<p>Procurar las condiciones \u00f3ptimas para un eficiente y eficaz desarrollo del proceso educativo en los establecimientos de Educaci\u00f3n Municipal.<\/p>\n<h3>FUNCIONES.<\/h3>\n<ul>\n<li>Asumir la direcci\u00f3n administrativa de los establecimientos de Educaci\u00f3n Municipal, en conformidad con las disposiciones legales pertinentes.<\/li>\n<li>Promover orientaciones t\u00e9cnico-pedag\u00f3gicas, teniendo como referente y fundamento las Pol\u00edticas Educacionales, el PLADECO y el PADEM.<\/li>\n<li>Impulsar y orientar definiciones de los establecimientos de Educaci\u00f3n Municipal respecto de su Misi\u00f3n y el perfil de sus egresados y, consecuentemente apoyarlos en la formulaci\u00f3n de su Proyecto Educativo Institucional.<\/li>\n<li>Orientar y supervisar los procesos de implementaci\u00f3n de contenidos curriculares por parte de los establecimientos, en el marco de la normativa vigente, velando por la coherencia de aquellos con el Proyecto Educativo Institucional.<\/li>\n<li>Generar un sistema de supervisi\u00f3n y control de la gesti\u00f3n educativa, basado en un conjunto de indicadores relevantes de la calidad de la ense\u00f1anza y aprendizaje.<\/li>\n<li>Orientar, coordinar y supervisar los proyectos adscritos a la JEC, de manera que \u00e9stos sean relevantes, pertinentes y contextualizados (en lo curricular, infraestructura, material did\u00e1ctico y equipamiento).<\/li>\n<li>Generar, coordinar y supervisar Programas Educativos Transversales, de Educaci\u00f3n Extraescolar, Educaci\u00f3n Ambiental y Educaci\u00f3n para la Salud.<\/li>\n<li>Exigir el cumplimiento de las normas de car\u00e1cter administrativo y t\u00e9cnico-pedag\u00f3gico, requisitos para percibir la subvenci\u00f3n educativa.<\/li>\n<li>Promover y coordinar programas de perfeccionamiento docente, velando por la coherencia de \u00e9stos con el Proyecto Educativo de los establecimientos involucrados, \u00a0con los objetivos estrat\u00e9gicos y metas comunales en materia de educaci\u00f3n p\u00fablica.<\/li>\n<li>Promover actividades para la educaci\u00f3n y capacitaci\u00f3n de los padres y apoderados, con el prop\u00f3sito de lograr una participaci\u00f3n responsable en la comunidad escolar y un apoyo efectivo en el proceso formativo de sus hijos.<\/li>\n<li>Administrar los recursos humanos, financieros y materiales necesarios para el normal desarrollo de las actividades educativas.<\/li>\n<li>Promover y generar acciones para favorecer una sana convivencia social en los establecimientos educativos de la comuna.<\/li>\n<li>Generar, coordinar y desarrollar estrategias de acci\u00f3n dirigidas a disminuir los factores de riesgo social de los alumnos.<\/li>\n<li>Generar redes de apoyo o alianzas estrat\u00e9gicas con instituciones u organismos internos o externos al \u00e1mbito municipal.<\/li>\n<li>Vincular la gesti\u00f3n educacional municipal con organismos, entidades y organizaciones sociales, a partir de las cuales se generen instancias educativas formales y no formales.<\/li>\n<li>Potenciar y desarrollar la inserci\u00f3n de la comuna de Padre Hurtado en el contexto de proyectos internacionales, como Ciudades Educadoras u otros.<\/li>\n<\/ul>\n<p><strong>Director de Administraci\u00f3n y Finanzas DAEM: Eduardo Liberona Garnham (eliberona@educacion.mph.cl)<\/strong><\/p>\n<p><strong>Encargado de Activos Fijos: Alan Ortega Bravo (aortega@mph.cl)<\/strong><\/p>\n<p>&nbsp;<\/p>\n","protected":false},"excerpt":{"rendered":"<p>Directora: Carla Burgos Ferretti (cburgos@educacion.mph.cl) OBJETIVO. Procurar las condiciones \u00f3ptimas para un eficiente y eficaz desarrollo del proceso educativo en los establecimientos de Educaci\u00f3n Municipal. FUNCIONES. Asumir la direcci\u00f3n administrativa de los establecimientos de Educaci\u00f3n Municipal, en conformidad con las disposiciones legales pertinentes. Promover orientaciones t\u00e9cnico-pedag\u00f3gicas, teniendo como referente y fundamento las Pol\u00edticas Educacionales, el<\/p>\n<div class=\"read-more\"><a href=\"https:\/\/pruebas-portal.mph.cl\/?page_id=17986\" title=\"Read More\">Read More<\/a><\/div>\n","protected":false},"author":7,"featured_media":0,"parent":0,"menu_order":0,"comment_status":"closed","ping_status":"closed","template":"","meta":{"footnotes":""},"_links":{"self":[{"href":"https:\/\/pruebas-portal.mph.cl\/index.php?rest_route=\/wp\/v2\/pages\/17986"}],"collection":[{"href":"https:\/\/pruebas-portal.mph.cl\/index.php?rest_route=\/wp\/v2\/pages"}],"about":[{"href":"https:\/\/pruebas-portal.mph.cl\/index.php?rest_route=\/wp\/v2\/types\/page"}],"author":[{"embeddable":true,"href":"https:\/\/pruebas-portal.mph.cl\/index.php?rest_route=\/wp\/v2\/users\/7"}],"replies":[{"embeddable":true,"href":"https:\/\/pruebas-portal.mph.cl\/index.php?rest_route=%2Fwp%2Fv2%2Fcomments&post=17986"}],"version-history":[{"count":4,"href":"https:\/\/pruebas-portal.mph.cl\/index.php?rest_route=\/wp\/v2\/pages\/17986\/revisions"}],"predecessor-version":[{"id":17994,"href":"https:\/\/pruebas-portal.mph.cl\/index.php?rest_route=\/wp\/v2\/pages\/17986\/revisions\/17994"}],"wp:attachment":[{"href":"https:\/\/pruebas-portal.mph.cl\/index.php?rest_route=%2Fwp%2Fv2%2Fmedia&parent=17986"}],"curies":[{"name":"wp","href":"https:\/\/api.w.org\/{rel}","templated":true}]}}