{"id":19466,"date":"2023-07-10T13:21:05","date_gmt":"2023-07-10T17:21:05","guid":{"rendered":"https:\/\/pruebas-portal.mph.cl\/?page_id=19466"},"modified":"2023-07-10T13:29:36","modified_gmt":"2023-07-10T17:29:36","slug":"quiero-mi-barrio","status":"publish","type":"page","link":"https:\/\/pruebas-portal.mph.cl\/?page_id=19466","title":{"rendered":"Quiero Mi Barrio"},"content":{"rendered":"\t\r\n\t\t<div class=\"pld-post-list pld-design-1 pld-clearfix\">\r\n\t\t\t\r\n\t\t\t<div class=\"pld-post-list-inr\">\t\r\n\t<div class=\"pld-post-list-content pld-clearfix  \">\r\n\t\t\t\t\t<div class=\"pld-left-columns pld-medium-6 pld-columns\">\t\t\t\t\r\n\t\t\t\t\t<div class=\"pld-post-image-bg\">\t\r\n\t\t\t\t\t\t<a href=\"https:\/\/pruebas-portal.mph.cl\/?p=19802\">\t\r\n\t\t\t\t\t\t\t<img src=\"https:\/\/pruebas-portal.mph.cl\/wp-content\/uploads\/2023\/09\/BANNER-PAGINA-WEB-7-768x400.png\" alt=\"Bolet\u00edn #5: agosto de 2023\" \/>\r\n\t\t\t\t\t\t<\/a>\r\n\t\t\t\t\t<\/div>\t\t\t\r\n\t\t\t<\/div>\r\n\t\t\t\t<div class=\"pld-right-columns pld-medium-6 pld-columns\">\r\n\t\t\t\t\t\t\t<div class=\"pld-post-categories\">\r\n\t\t\t\t\t<a href=\"https:\/\/pruebas-portal.mph.cl\/?cat=40\">Quiero Mi Barrio<\/a>\t\t\t\t<\/div>\r\n\t\t\t\t\t\t<h2 class=\"pld-post-title\">\t\t\r\n\t\t\t\t<a href=\"https:\/\/pruebas-portal.mph.cl\/?p=19802\">Bolet\u00edn #5: agosto de 2023<\/a>\r\n\t\t\t<\/h2>\r\n\t\t\t\t\t\r\n\t\t\t\t<div class=\"pld-post-meta\">\r\n\t\t\t\t\t\t\t\t\t\t\t<span>\r\n\t\t\t\t\t\t\tPor Quiero Mi Barrio\t\t\t\t\t\t<\/span>\r\n\t\t\t\t\t\t\t\r\n\t\t\t\t\t&nbsp;\/&nbsp;\t\t\r\n\t\t\t\t\tseptiembre 20, 2023\t\t\t\t<\/div>\r\n\t\t\t\t\t\t\t\t\r\n\t\t\t\t<div class=\"pld-post-content\">\t\t\t\t\r\n\t\t\t\t\t<div class=\"pld-post-content-inner\">\r\n\t\t\t\t\t\t[3d-flip-book mode=\"fullscreen\" id=\"20064\"][\/3d-flip-book]\t\t\t\t\t<\/div>\r\n\t\t\t\t\t<a class=\"pld-readmorebtn\" href=\"https:\/\/pruebas-portal.mph.cl\/?p=19802\">Leer m\u00e1s<\/a>\t\t\t\t\t\r\n\t\t\t\t<\/div>\r\n\t\t\t\t\t\t\t\t\r\n\t\t\t\t\t<\/div>\r\n\t<\/div>\r\n<\/div><div class=\"pld-post-list-inr\">\t\r\n\t<div class=\"pld-post-list-content pld-clearfix  \">\r\n\t\t\t\t\t<div class=\"pld-left-columns pld-medium-6 pld-columns\">\t\t\t\t\r\n\t\t\t\t\t<div class=\"pld-post-image-bg\">\t\r\n\t\t\t\t\t\t<a href=\"https:\/\/pruebas-portal.mph.cl\/?p=19660\">\t\r\n\t\t\t\t\t\t\t<img src=\"https:\/\/pruebas-portal.mph.cl\/wp-content\/uploads\/2023\/08\/BANNER-PAGINA-WEB-4-768x400.png\" alt=\"Bolet\u00edn #4: julio de 2023\" \/>\r\n\t\t\t\t\t\t<\/a>\r\n\t\t\t\t\t<\/div>\t\t\t\r\n\t\t\t<\/div>\r\n\t\t\t\t<div class=\"pld-right-columns pld-medium-6 pld-columns\">\r\n\t\t\t\t\t\t\t<div class=\"pld-post-categories\">\r\n\t\t\t\t\t<a href=\"https:\/\/pruebas-portal.mph.cl\/?cat=40\">Quiero Mi Barrio<\/a>\t\t\t\t<\/div>\r\n\t\t\t\t\t\t<h2 class=\"pld-post-title\">\t\t\r\n\t\t\t\t<a href=\"https:\/\/pruebas-portal.mph.cl\/?p=19660\">Bolet\u00edn #4: julio de 2023<\/a>\r\n\t\t\t<\/h2>\r\n\t\t\t\t\t\r\n\t\t\t\t<div class=\"pld-post-meta\">\r\n\t\t\t\t\t\t\t\t\t\t\t<span>\r\n\t\t\t\t\t\t\tPor Quiero Mi Barrio\t\t\t\t\t\t<\/span>\r\n\t\t\t\t\t\t\t\r\n\t\t\t\t\t&nbsp;\/&nbsp;\t\t\r\n\t\t\t\t\tagosto 1, 2023\t\t\t\t<\/div>\r\n\t\t\t\t\t\t\t\t\r\n\t\t\t\t<div class=\"pld-post-content\">\t\t\t\t\r\n\t\t\t\t\t<div class=\"pld-post-content-inner\">\r\n\t\t\t\t\t\t\t\t\t\t\t<\/div>\r\n\t\t\t\t\t<a class=\"pld-readmorebtn\" href=\"https:\/\/pruebas-portal.mph.cl\/?p=19660\">Leer m\u00e1s<\/a>\t\t\t\t\t\r\n\t\t\t\t<\/div>\r\n\t\t\t\t\t\t\t\t\t\t\t\r\n\t\t\t\t<div class=\"pld-post-tags\">\t\t\t\r\n\t\t\t\t\tTags: <a href=\"https:\/\/pruebas-portal.mph.cl\/?tag=boletin\" rel=\"tag\">bolet\u00edn<\/a>, <a href=\"https:\/\/pruebas-portal.mph.cl\/?tag=padre-hurtado\" rel=\"tag\">Padre Hurtado<\/a>, <a href=\"https:\/\/pruebas-portal.mph.cl\/?tag=qmb\" rel=\"tag\">QMB<\/a>, <a href=\"https:\/\/pruebas-portal.mph.cl\/?tag=quiero-mi-barrio\" rel=\"tag\">Quiero Mi Barrio<\/a>, <a href=\"https:\/\/pruebas-portal.mph.cl\/?tag=rio-aconcagua\" rel=\"tag\">R\u00edo Aconcagua<\/a>, <a href=\"https:\/\/pruebas-portal.mph.cl\/?tag=villa-rio-aconcagua\" rel=\"tag\">villa R\u00edo Aconcagua<\/a>\t\t\t\t<\/div>\r\n\t\t\t\t\t\r\n\t\t\t\t\t<\/div>\r\n\t<\/div>\r\n<\/div><div class=\"pld-post-list-inr\">\t\r\n\t<div class=\"pld-post-list-content pld-clearfix  \">\r\n\t\t\t\t\t<div class=\"pld-left-columns pld-medium-6 pld-columns\">\t\t\t\t\r\n\t\t\t\t\t<div class=\"pld-post-image-bg\">\t\r\n\t\t\t\t\t\t<a href=\"https:\/\/pruebas-portal.mph.cl\/?p=19651\">\t\r\n\t\t\t\t\t\t\t<img src=\"https:\/\/pruebas-portal.mph.cl\/wp-content\/uploads\/2023\/08\/BANNER-PAGINA-WEB-1-768x400.png\" alt=\"Bolet\u00edn #3: junio de 2023\" \/>\r\n\t\t\t\t\t\t<\/a>\r\n\t\t\t\t\t<\/div>\t\t\t\r\n\t\t\t<\/div>\r\n\t\t\t\t<div class=\"pld-right-columns pld-medium-6 pld-columns\">\r\n\t\t\t\t\t\t\t<div class=\"pld-post-categories\">\r\n\t\t\t\t\t<a href=\"https:\/\/pruebas-portal.mph.cl\/?cat=40\">Quiero Mi Barrio<\/a>\t\t\t\t<\/div>\r\n\t\t\t\t\t\t<h2 class=\"pld-post-title\">\t\t\r\n\t\t\t\t<a href=\"https:\/\/pruebas-portal.mph.cl\/?p=19651\">Bolet\u00edn #3: junio de 2023<\/a>\r\n\t\t\t<\/h2>\r\n\t\t\t\t\t\r\n\t\t\t\t<div class=\"pld-post-meta\">\r\n\t\t\t\t\t\t\t\t\t\t\t<span>\r\n\t\t\t\t\t\t\tPor Quiero Mi Barrio\t\t\t\t\t\t<\/span>\r\n\t\t\t\t\t\t\t\r\n\t\t\t\t\t&nbsp;\/&nbsp;\t\t\r\n\t\t\t\t\tjulio 1, 2023\t\t\t\t<\/div>\r\n\t\t\t\t\t\t\t\t\r\n\t\t\t\t<div class=\"pld-post-content\">\t\t\t\t\r\n\t\t\t\t\t<div class=\"pld-post-content-inner\">\r\n\t\t\t\t\t\tRevisa ac\u00e1 el bolet\u00edn #3: junio 2023\t\t\t\t\t<\/div>\r\n\t\t\t\t\t<a class=\"pld-readmorebtn\" href=\"https:\/\/pruebas-portal.mph.cl\/?p=19651\">Leer m\u00e1s<\/a>\t\t\t\t\t\r\n\t\t\t\t<\/div>\r\n\t\t\t\t\t\t\t\t\r\n\t\t\t\t\t<\/div>\r\n\t<\/div>\r\n<\/div><div class=\"pld-post-list-inr\">\t\r\n\t<div class=\"pld-post-list-content pld-clearfix  \">\r\n\t\t\t\t\t<div class=\"pld-left-columns pld-medium-6 pld-columns\">\t\t\t\t\r\n\t\t\t\t\t<div class=\"pld-post-image-bg\">\t\r\n\t\t\t\t\t\t<a href=\"https:\/\/pruebas-portal.mph.cl\/?p=19644\">\t\r\n\t\t\t\t\t\t\t<img src=\"https:\/\/pruebas-portal.mph.cl\/wp-content\/uploads\/2023\/08\/BANNER-PAGINA-WEB-768x400.png\" alt=\"Bolet\u00edn #2: mayo de 2023\" \/>\r\n\t\t\t\t\t\t<\/a>\r\n\t\t\t\t\t<\/div>\t\t\t\r\n\t\t\t<\/div>\r\n\t\t\t\t<div class=\"pld-right-columns pld-medium-6 pld-columns\">\r\n\t\t\t\t\t\t\t<div class=\"pld-post-categories\">\r\n\t\t\t\t\t<a href=\"https:\/\/pruebas-portal.mph.cl\/?cat=40\">Quiero Mi Barrio<\/a>\t\t\t\t<\/div>\r\n\t\t\t\t\t\t<h2 class=\"pld-post-title\">\t\t\r\n\t\t\t\t<a href=\"https:\/\/pruebas-portal.mph.cl\/?p=19644\">Bolet\u00edn #2: mayo de 2023<\/a>\r\n\t\t\t<\/h2>\r\n\t\t\t\t\t\r\n\t\t\t\t<div class=\"pld-post-meta\">\r\n\t\t\t\t\t\t\t\t\t\t\t<span>\r\n\t\t\t\t\t\t\tPor Quiero Mi Barrio\t\t\t\t\t\t<\/span>\r\n\t\t\t\t\t\t\t\r\n\t\t\t\t\t&nbsp;\/&nbsp;\t\t\r\n\t\t\t\t\tjunio 1, 2023\t\t\t\t<\/div>\r\n\t\t\t\t\t\t\t\t\r\n\t\t\t\t<div class=\"pld-post-content\">\t\t\t\t\r\n\t\t\t\t\t<div class=\"pld-post-content-inner\">\r\n\t\t\t\t\t\tREVISA AC\u00c1 EL BOLET\u00cdN #2 MAYO\t\t\t\t\t<\/div>\r\n\t\t\t\t\t<a class=\"pld-readmorebtn\" href=\"https:\/\/pruebas-portal.mph.cl\/?p=19644\">Leer m\u00e1s<\/a>\t\t\t\t\t\r\n\t\t\t\t<\/div>\r\n\t\t\t\t\t\t\t\t\r\n\t\t\t\t\t<\/div>\r\n\t<\/div>\r\n<\/div><div class=\"pld-post-list-inr\">\t\r\n\t<div class=\"pld-post-list-content pld-clearfix  \">\r\n\t\t\t\t\t<div class=\"pld-left-columns pld-medium-6 pld-columns\">\t\t\t\t\r\n\t\t\t\t\t<div class=\"pld-post-image-bg\">\t\r\n\t\t\t\t\t\t<a href=\"https:\/\/pruebas-portal.mph.cl\/?p=19616\">\t\r\n\t\t\t\t\t\t\t<img src=\"https:\/\/pruebas-portal.mph.cl\/wp-content\/uploads\/2023\/05\/BANNER-PAGINA-WEB-768x400.png\" alt=\"Bolet\u00edn #1: abril de 2023\" \/>\r\n\t\t\t\t\t\t<\/a>\r\n\t\t\t\t\t<\/div>\t\t\t\r\n\t\t\t<\/div>\r\n\t\t\t\t<div class=\"pld-right-columns pld-medium-6 pld-columns\">\r\n\t\t\t\t\t\t\t<div class=\"pld-post-categories\">\r\n\t\t\t\t\t<a href=\"https:\/\/pruebas-portal.mph.cl\/?cat=40\">Quiero Mi Barrio<\/a>\t\t\t\t<\/div>\r\n\t\t\t\t\t\t<h2 class=\"pld-post-title\">\t\t\r\n\t\t\t\t<a href=\"https:\/\/pruebas-portal.mph.cl\/?p=19616\">Bolet\u00edn #1: abril de 2023<\/a>\r\n\t\t\t<\/h2>\r\n\t\t\t\t\t\r\n\t\t\t\t<div class=\"pld-post-meta\">\r\n\t\t\t\t\t\t\t\t\t\t\t<span>\r\n\t\t\t\t\t\t\tPor Quiero Mi Barrio\t\t\t\t\t\t<\/span>\r\n\t\t\t\t\t\t\t\r\n\t\t\t\t\t&nbsp;\/&nbsp;\t\t\r\n\t\t\t\t\tmayo 1, 2023\t\t\t\t<\/div>\r\n\t\t\t\t\t\t\t\t\r\n\t\t\t\t<div class=\"pld-post-content\">\t\t\t\t\r\n\t\t\t\t\t<div class=\"pld-post-content-inner\">\r\n\t\t\t\t\t\t\u00a0Revisa ac\u00e1 el BOLETIN #1 ABRIL\t\t\t\t\t<\/div>\r\n\t\t\t\t\t<a class=\"pld-readmorebtn\" href=\"https:\/\/pruebas-portal.mph.cl\/?p=19616\">Leer m\u00e1s<\/a>\t\t\t\t\t\r\n\t\t\t\t<\/div>\r\n\t\t\t\t\t\t\t\t\t\t\t\r\n\t\t\t\t<div class=\"pld-post-tags\">\t\t\t\r\n\t\t\t\t\tTags: <a href=\"https:\/\/pruebas-portal.mph.cl\/?tag=boletin\" rel=\"tag\">bolet\u00edn<\/a>, <a href=\"https:\/\/pruebas-portal.mph.cl\/?tag=qmb\" rel=\"tag\">QMB<\/a>, <a href=\"https:\/\/pruebas-portal.mph.cl\/?tag=rio-aconcagua\" rel=\"tag\">R\u00edo Aconcagua<\/a>\t\t\t\t<\/div>\r\n\t\t\t\t\t\r\n\t\t\t\t\t<\/div>\r\n\t<\/div>\r\n<\/div><div class=\"pld-post-list-inr\">\t\r\n\t<div class=\"pld-post-list-content pld-clearfix  \">\r\n\t\t\t\t\t<div class=\"pld-left-columns pld-medium-6 pld-columns\">\t\t\t\t\r\n\t\t\t\t\t<div class=\"pld-post-image-bg\">\t\r\n\t\t\t\t\t\t<a href=\"https:\/\/pruebas-portal.mph.cl\/?p=19716\">\t\r\n\t\t\t\t\t\t\t<img src=\"https:\/\/pruebas-portal.mph.cl\/wp-content\/uploads\/2023\/08\/BANNER-PAGINA-WEB-2-768x400.png\" alt=\"Segunda Edici\u00f3n Revista Barrio R\u00edo Aconcagua: \u00abLa reactivaci\u00f3n y reorganizaci\u00f3n del barrio R\u00edo Aconcagua\u00bb\" \/>\r\n\t\t\t\t\t\t<\/a>\r\n\t\t\t\t\t<\/div>\t\t\t\r\n\t\t\t<\/div>\r\n\t\t\t\t<div class=\"pld-right-columns pld-medium-6 pld-columns\">\r\n\t\t\t\t\t\t\t<div class=\"pld-post-categories\">\r\n\t\t\t\t\t<a href=\"https:\/\/pruebas-portal.mph.cl\/?cat=40\">Quiero Mi Barrio<\/a>\t\t\t\t<\/div>\r\n\t\t\t\t\t\t<h2 class=\"pld-post-title\">\t\t\r\n\t\t\t\t<a href=\"https:\/\/pruebas-portal.mph.cl\/?p=19716\">Segunda Edici\u00f3n Revista Barrio R\u00edo Aconcagua: \u00abLa reactivaci\u00f3n y reorganizaci\u00f3n del barrio R\u00edo Aconcagua\u00bb<\/a>\r\n\t\t\t<\/h2>\r\n\t\t\t\t\t\r\n\t\t\t\t<div class=\"pld-post-meta\">\r\n\t\t\t\t\t\t\t\t\t\t\t<span>\r\n\t\t\t\t\t\t\tPor Quiero Mi Barrio\t\t\t\t\t\t<\/span>\r\n\t\t\t\t\t\t\t\r\n\t\t\t\t\t&nbsp;\/&nbsp;\t\t\r\n\t\t\t\t\tenero 2, 2023\t\t\t\t<\/div>\r\n\t\t\t\t\t\t\t\t\r\n\t\t\t\t<div class=\"pld-post-content\">\t\t\t\t\r\n\t\t\t\t\t<div class=\"pld-post-content-inner\">\r\n\t\t\t\t\t\tLa Revista Barrio R\u00edo Aconcagua es una publicaci\u00f3n realizada por el Equipo de profesionales del Programa \u00abQuiero Mi Barrio\u00bb de...\t\t\t\t\t<\/div>\r\n\t\t\t\t\t<a class=\"pld-readmorebtn\" href=\"https:\/\/pruebas-portal.mph.cl\/?p=19716\">Leer m\u00e1s<\/a>\t\t\t\t\t\r\n\t\t\t\t<\/div>\r\n\t\t\t\t\t\t\t\t\r\n\t\t\t\t\t<\/div>\r\n\t<\/div>\r\n<\/div><div class=\"pld-post-list-inr\">\t\r\n\t<div class=\"pld-post-list-content pld-clearfix  \">\r\n\t\t\t\t\t<div class=\"pld-left-columns pld-medium-6 pld-columns\">\t\t\t\t\r\n\t\t\t\t\t<div class=\"pld-post-image-bg\">\t\r\n\t\t\t\t\t\t<a href=\"https:\/\/pruebas-portal.mph.cl\/?p=19672\">\t\r\n\t\t\t\t\t\t\t<img src=\"https:\/\/pruebas-portal.mph.cl\/wp-content\/uploads\/2022\/07\/BANNER-PAGINA-WEB-6-768x400.png\" alt=\"Primera Edici\u00f3n Revista Barrio R\u00edo Aconcagua: \u00abEl renacer de la villa R\u00edo Aconcagua junto al Programa Quiero Mi Barrio\u00bb\" \/>\r\n\t\t\t\t\t\t<\/a>\r\n\t\t\t\t\t<\/div>\t\t\t\r\n\t\t\t<\/div>\r\n\t\t\t\t<div class=\"pld-right-columns pld-medium-6 pld-columns\">\r\n\t\t\t\t\t\t\t<div class=\"pld-post-categories\">\r\n\t\t\t\t\t<a href=\"https:\/\/pruebas-portal.mph.cl\/?cat=40\">Quiero Mi Barrio<\/a>\t\t\t\t<\/div>\r\n\t\t\t\t\t\t<h2 class=\"pld-post-title\">\t\t\r\n\t\t\t\t<a href=\"https:\/\/pruebas-portal.mph.cl\/?p=19672\">Primera Edici\u00f3n Revista Barrio R\u00edo Aconcagua: \u00abEl renacer de la villa R\u00edo Aconcagua junto al Programa Quiero Mi Barrio\u00bb<\/a>\r\n\t\t\t<\/h2>\r\n\t\t\t\t\t\r\n\t\t\t\t<div class=\"pld-post-meta\">\r\n\t\t\t\t\t\t\t\t\t\t\t<span>\r\n\t\t\t\t\t\t\tPor Quiero Mi Barrio\t\t\t\t\t\t<\/span>\r\n\t\t\t\t\t\t\t\r\n\t\t\t\t\t&nbsp;\/&nbsp;\t\t\r\n\t\t\t\t\tjulio 31, 2022\t\t\t\t<\/div>\r\n\t\t\t\t\t\t\t\t\r\n\t\t\t\t<div class=\"pld-post-content\">\t\t\t\t\r\n\t\t\t\t\t<div class=\"pld-post-content-inner\">\r\n\t\t\t\t\t\tLa Revista Barrio R\u00edo Aconcagua es una publicaci\u00f3n realizada por el Equipo de profesionales del Programa \"Quiero Mi Barrio\" de...\t\t\t\t\t<\/div>\r\n\t\t\t\t\t<a class=\"pld-readmorebtn\" href=\"https:\/\/pruebas-portal.mph.cl\/?p=19672\">Leer m\u00e1s<\/a>\t\t\t\t\t\r\n\t\t\t\t<\/div>\r\n\t\t\t\t\t\t\t\t\t\t\t\r\n\t\t\t\t<div class=\"pld-post-tags\">\t\t\t\r\n\t\t\t\t\tTags: <a href=\"https:\/\/pruebas-portal.mph.cl\/?tag=qmb\" rel=\"tag\">QMB<\/a>, <a href=\"https:\/\/pruebas-portal.mph.cl\/?tag=revista-quiero-mi-barrio\" rel=\"tag\">Revista Quiero Mi Barrio<\/a>\t\t\t\t<\/div>\r\n\t\t\t\t\t\r\n\t\t\t\t\t<\/div>\r\n\t<\/div>\r\n<\/div><div class=\"pld-post-list-inr\">\t\r\n\t<div class=\"pld-post-list-content pld-clearfix  \">\r\n\t\t\t\t\t<div class=\"pld-left-columns pld-medium-6 pld-columns\">\t\t\t\t\r\n\t\t\t\t\t<div class=\"pld-post-image-bg\">\t\r\n\t\t\t\t\t\t<a href=\"https:\/\/pruebas-portal.mph.cl\/?p=19547\">\t\r\n\t\t\t\t\t\t\t<img src=\"https:\/\/pruebas-portal.mph.cl\/wp-content\/uploads\/2023\/07\/conoce-el-programa-768x400.png\" alt=\"Conoce el programa Quiero Mi Barrio\" \/>\r\n\t\t\t\t\t\t<\/a>\r\n\t\t\t\t\t<\/div>\t\t\t\r\n\t\t\t<\/div>\r\n\t\t\t\t<div class=\"pld-right-columns pld-medium-6 pld-columns\">\r\n\t\t\t\t\t\t\t<div class=\"pld-post-categories\">\r\n\t\t\t\t\t<a href=\"https:\/\/pruebas-portal.mph.cl\/?cat=40\">Quiero Mi Barrio<\/a>\t\t\t\t<\/div>\r\n\t\t\t\t\t\t<h2 class=\"pld-post-title\">\t\t\r\n\t\t\t\t<a href=\"https:\/\/pruebas-portal.mph.cl\/?p=19547\">Conoce el programa Quiero Mi Barrio<\/a>\r\n\t\t\t<\/h2>\r\n\t\t\t\t\t\r\n\t\t\t\t<div class=\"pld-post-meta\">\r\n\t\t\t\t\t\t\t\t\t\t\t<span>\r\n\t\t\t\t\t\t\tPor Quiero Mi Barrio\t\t\t\t\t\t<\/span>\r\n\t\t\t\t\t\t\t\r\n\t\t\t\t\t&nbsp;\/&nbsp;\t\t\r\n\t\t\t\t\tnoviembre 15, 2020\t\t\t\t<\/div>\r\n\t\t\t\t\t\t\t\t\r\n\t\t\t\t<div class=\"pld-post-content\">\t\t\t\t\r\n\t\t\t\t\t<div class=\"pld-post-content-inner\">\r\n\t\t\t\t\t\t\u00bfQu\u00e9 hacemos? El Programa de Recuperaci\u00f3n de Barrios \"Quiero Mi Barrio\" busca mejorar los espacios de encuentro comunitario en el...\t\t\t\t\t<\/div>\r\n\t\t\t\t\t<a class=\"pld-readmorebtn\" href=\"https:\/\/pruebas-portal.mph.cl\/?p=19547\">Leer m\u00e1s<\/a>\t\t\t\t\t\r\n\t\t\t\t<\/div>\r\n\t\t\t\t\t\t\t\t\r\n\t\t\t\t\t<\/div>\r\n\t<\/div>\r\n<\/div>\r\n\t\t\t<\/div>\r\n\t","protected":false},"excerpt":{"rendered":"","protected":false},"author":13,"featured_media":0,"parent":0,"menu_order":0,"comment_status":"closed","ping_status":"closed","template":"","meta":{"footnotes":""},"_links":{"self":[{"href":"https:\/\/pruebas-portal.mph.cl\/index.php?rest_route=\/wp\/v2\/pages\/19466"}],"collection":[{"href":"https:\/\/pruebas-portal.mph.cl\/index.php?rest_route=\/wp\/v2\/pages"}],"about":[{"href":"https:\/\/pruebas-portal.mph.cl\/index.php?rest_route=\/wp\/v2\/types\/page"}],"author":[{"embeddable":true,"href":"https:\/\/pruebas-portal.mph.cl\/index.php?rest_route=\/wp\/v2\/users\/13"}],"replies":[{"embeddable":true,"href":"https:\/\/pruebas-portal.mph.cl\/index.php?rest_route=%2Fwp%2Fv2%2Fcomments&post=19466"}],"version-history":[{"count":1,"href":"https:\/\/pruebas-portal.mph.cl\/index.php?rest_route=\/wp\/v2\/pages\/19466\/revisions"}],"predecessor-version":[{"id":19467,"href":"https:\/\/pruebas-portal.mph.cl\/index.php?rest_route=\/wp\/v2\/pages\/19466\/revisions\/19467"}],"wp:attachment":[{"href":"https:\/\/pruebas-portal.mph.cl\/index.php?rest_route=%2Fwp%2Fv2%2Fmedia&parent=19466"}],"curies":[{"name":"wp","href":"https:\/\/api.w.org\/{rel}","templated":true}]}}