{"id":36,"date":"2014-07-20T07:28:28","date_gmt":"2014-07-20T07:28:28","guid":{"rendered":"http:\/\/2pc.cl\/plantilla_2\/?page_id=29"},"modified":"2022-04-14T13:27:02","modified_gmt":"2022-04-14T17:27:02","slug":"direccion-de-administracion-y-finanzas","status":"publish","type":"page","link":"https:\/\/pruebas-portal.mph.cl\/?page_id=36","title":{"rendered":"Direcci\u00f3n de Administraci\u00f3n y Finanzas"},"content":{"rendered":"<p><b>DIRECTORA: Valeria Valderrama Droguett (<a class=\"rABsFf RffVmb AL18ce\" href=\"mailto:vvalderrama@mph.cl\" target=\"_blank\" rel=\"noopener noreferrer\" data-tooltip-position=\"top\" data-tooltip=\"De tus contactos de Google\">vvalderrama@mph.cl<\/a>)<\/b><b><\/b><\/p>\n<p>FONO: 224306070<\/p>\n<h3>OBJETIVO<\/h3>\n<p>La Direcci\u00f3n de Administraci\u00f3n y Finanzas, tendr\u00e1 como objetivo procurar la \u00f3ptima provisi\u00f3n, asignaci\u00f3n y utilizaci\u00f3n de los recursos humanos, econ\u00f3micos y materiales necesarios para el funcionamiento municipal.<\/p>\n<h3>FUNCIONES<\/h3>\n<ul>\n<li>Asesorar al Alcalde en la Administraci\u00f3n Financiera de los Bienes Municipales.<\/li>\n<li>Estudiar, calcular, proponer y regular la percepci\u00f3n de cualquier tipo de ingresos municipales;<\/li>\n<li>Colaborar con la Secretar\u00eda de Planificaci\u00f3n y Coordinaci\u00f3n en la elaboraci\u00f3n del Presupuesto Municipal;<\/li>\n<li>Revisar los Decretos de Pago.<\/li>\n<li>Llevar la Contabilidad Municipal en conformidad con las normas de la Contabilidad Nacional y con las instrucciones que al respecto imparta la Contralor\u00eda General de la Rep\u00fablica.<\/li>\n<li>Efectuar los Pagos Municipales, manejar Cuenta Bancaria respectiva, rendir cuenta a la Contralor\u00eda General de la Rep\u00fablica, recaudar y percibir los Ingresos Municipales y Fiscales que correspondan.<\/li>\n<li>Otras funciones que la Ley o la autoridad superior le asigne, las que ejercer\u00e1 a trav\u00e9s de la unidad que corresponda.<\/li>\n<\/ul>\n<p><strong>Encargado de Inventarios: Carlos Soto (csoto@mph.cl)<\/strong><\/p>\n<p>&nbsp;<\/p>\n","protected":false},"excerpt":{"rendered":"<p>DIRECTORA: Valeria Valderrama Droguett (vvalderrama@mph.cl) FONO: 224306070 OBJETIVO La Direcci\u00f3n de Administraci\u00f3n y Finanzas, tendr\u00e1 como objetivo procurar la \u00f3ptima provisi\u00f3n, asignaci\u00f3n y utilizaci\u00f3n de los recursos humanos, econ\u00f3micos y materiales necesarios para el funcionamiento municipal. FUNCIONES Asesorar al Alcalde en la Administraci\u00f3n Financiera de los Bienes Municipales. Estudiar, calcular, proponer y regular la percepci\u00f3n<\/p>\n<div class=\"read-more\"><a href=\"https:\/\/pruebas-portal.mph.cl\/?page_id=36\" title=\"Read More\">Read More<\/a><\/div>\n","protected":false},"author":5,"featured_media":0,"parent":0,"menu_order":0,"comment_status":"open","ping_status":"open","template":"","meta":{"footnotes":""},"_links":{"self":[{"href":"https:\/\/pruebas-portal.mph.cl\/index.php?rest_route=\/wp\/v2\/pages\/36"}],"collection":[{"href":"https:\/\/pruebas-portal.mph.cl\/index.php?rest_route=\/wp\/v2\/pages"}],"about":[{"href":"https:\/\/pruebas-portal.mph.cl\/index.php?rest_route=\/wp\/v2\/types\/page"}],"author":[{"embeddable":true,"href":"https:\/\/pruebas-portal.mph.cl\/index.php?rest_route=\/wp\/v2\/users\/5"}],"replies":[{"embeddable":true,"href":"https:\/\/pruebas-portal.mph.cl\/index.php?rest_route=%2Fwp%2Fv2%2Fcomments&post=36"}],"version-history":[{"count":12,"href":"https:\/\/pruebas-portal.mph.cl\/index.php?rest_route=\/wp\/v2\/pages\/36\/revisions"}],"predecessor-version":[{"id":17996,"href":"https:\/\/pruebas-portal.mph.cl\/index.php?rest_route=\/wp\/v2\/pages\/36\/revisions\/17996"}],"wp:attachment":[{"href":"https:\/\/pruebas-portal.mph.cl\/index.php?rest_route=%2Fwp%2Fv2%2Fmedia&parent=36"}],"curies":[{"name":"wp","href":"https:\/\/api.w.org\/{rel}","templated":true}]}}