{"id":37,"date":"2014-07-20T07:28:30","date_gmt":"2014-07-20T07:28:30","guid":{"rendered":"http:\/\/2pc.cl\/plantilla_2\/?page_id=30"},"modified":"2023-02-13T10:05:00","modified_gmt":"2023-02-13T14:05:00","slug":"secretario-de-planificacion","status":"publish","type":"page","link":"https:\/\/pruebas-portal.mph.cl\/?page_id=37","title":{"rendered":"Secretaria de Planificaci\u00f3n"},"content":{"rendered":"<p><b>Director: Miguel Mu\u00f1oz Verdugo (mmunozv@mph.cl)\u00a0<\/b><\/p>\n<p>FONO: 22 430 6026<\/p>\n<ul>\n<li>Descripci\u00f3n General<\/li>\n<li>Proyectos<\/li>\n<\/ul>\n<p>Constituye una unidad asesora que depende directamente del Alcalde.<\/p>\n<h3>OBJETIVO.<\/h3>\n<p>La Secretar\u00eda Comunal de Planificaci\u00f3n y Coordinaci\u00f3n tiene como objetivo asesorar al Alcalde, en la formulaci\u00f3n de las estrategias comunales y municipales para lograr el desarrollo comunal.<\/p>\n<h3>FUNCIONES.<\/h3>\n<ul>\n<li>Servir de secretar\u00eda t\u00e9cnica permanente del Alcalde en la preparaci\u00f3n y coordinaci\u00f3n de las pol\u00edticas, planes, programas y proyectos de desarrollo de la comuna.<\/li>\n<li>Asesorar al Alcalde, en coordinaci\u00f3n con la Direcci\u00f3n de Finanzas, en la elaboraci\u00f3n del proyecto de Presupuesto Municipal.<\/li>\n<li>Evaluar el cumplimiento de planes, programas, proyectos, inversiones y presupuesto municipal e informar sobre estas materias al Alcalde.<\/li>\n<li>Efectuar an\u00e1lisis y evaluaciones permanentes de la situaci\u00f3n de desarrollo de la comuna, con \u00e9nfasis en los aspectos sociales y territoriales.<\/li>\n<li>Fomentar vinculaciones t\u00e9cnicas con los servicios p\u00fablicos y con el sector privado de la comuna.<\/li>\n<li>Recopilar y mantener la informaci\u00f3n comunal y regional atingente a sus funciones.<\/li>\n<li>Elaborar las Bases Generales y Espec\u00edficas para los llamados a licitaci\u00f3n, previo informe de la Unidad competente, de conformidad con los criterios e instrucciones establecidos en el reglamento municipal respectivo.<\/li>\n<li>Elaborar y mantener actualizado el Plan de Desarrollo Comunal, incluyendo los aspectos sociales, territoriales, econ\u00f3micos y presupuestarios correspondientes.<\/li>\n<li>Proponer las medidas que se requiera adoptar para impulsar el desarrollo social y la mejor adecuaci\u00f3n del medio f\u00edsico, tendientes al bienestar general de la poblaci\u00f3n.<\/li>\n<li>Asesorar t\u00e9cnicamente y proporcionar la informaci\u00f3n que corresponda a las unidades municipales, a los servicios p\u00fablicos de la comuna, a las organizaciones intermedias y al p\u00fablico que as\u00ed lo requiera, en las materias propias de su competencia.<\/li>\n<li>Programar el trabajo anual en materias de proyectos, en conjunto con las respectivas direcciones municipales.<\/li>\n<li>Efectuar el seguimiento y la coordinaci\u00f3n de los proyectos que el municipio est\u00e1 postulando a cualquier fuente de financiamiento y de la ejecuci\u00f3n de los mismos en sus avances f\u00edsicos y financieros.<\/li>\n<li>Mantener un banco de proyectos de todos los estudios e inversiones del Municipio.<\/li>\n<li>Procesar, analizar e informar sobre la marcha presupuestaria y financiera del municipio, en forma peri\u00f3dica.<\/li>\n<li>Elaborar y proponer con otras direcciones municipales, los proyectos y programas espec\u00edficos en las \u00e1reas territoriales y sociales de la comuna.<\/li>\n<\/ul>\n<p>&nbsp;<\/p>\n","protected":false},"excerpt":{"rendered":"<p>Director: Miguel Mu\u00f1oz Verdugo (mmunozv@mph.cl)\u00a0 FONO: 22 430 6026 Descripci\u00f3n General Proyectos Constituye una unidad asesora que depende directamente del Alcalde. OBJETIVO. La Secretar\u00eda Comunal de Planificaci\u00f3n y Coordinaci\u00f3n tiene como objetivo asesorar al Alcalde, en la formulaci\u00f3n de las estrategias comunales y municipales para lograr el desarrollo comunal. FUNCIONES. Servir de secretar\u00eda t\u00e9cnica permanente<\/p>\n<div class=\"read-more\"><a href=\"https:\/\/pruebas-portal.mph.cl\/?page_id=37\" title=\"Read More\">Read More<\/a><\/div>\n","protected":false},"author":5,"featured_media":0,"parent":0,"menu_order":0,"comment_status":"open","ping_status":"open","template":"","meta":{"footnotes":""},"_links":{"self":[{"href":"https:\/\/pruebas-portal.mph.cl\/index.php?rest_route=\/wp\/v2\/pages\/37"}],"collection":[{"href":"https:\/\/pruebas-portal.mph.cl\/index.php?rest_route=\/wp\/v2\/pages"}],"about":[{"href":"https:\/\/pruebas-portal.mph.cl\/index.php?rest_route=\/wp\/v2\/types\/page"}],"author":[{"embeddable":true,"href":"https:\/\/pruebas-portal.mph.cl\/index.php?rest_route=\/wp\/v2\/users\/5"}],"replies":[{"embeddable":true,"href":"https:\/\/pruebas-portal.mph.cl\/index.php?rest_route=%2Fwp%2Fv2%2Fcomments&post=37"}],"version-history":[{"count":15,"href":"https:\/\/pruebas-portal.mph.cl\/index.php?rest_route=\/wp\/v2\/pages\/37\/revisions"}],"predecessor-version":[{"id":18889,"href":"https:\/\/pruebas-portal.mph.cl\/index.php?rest_route=\/wp\/v2\/pages\/37\/revisions\/18889"}],"wp:attachment":[{"href":"https:\/\/pruebas-portal.mph.cl\/index.php?rest_route=%2Fwp%2Fv2%2Fmedia&parent=37"}],"curies":[{"name":"wp","href":"https:\/\/api.w.org\/{rel}","templated":true}]}}