{"id":38,"date":"2014-07-20T07:28:19","date_gmt":"2014-07-20T07:28:19","guid":{"rendered":"http:\/\/2pc.cl\/plantilla_2\/?page_id=31"},"modified":"2023-02-14T16:43:58","modified_gmt":"2023-02-14T20:43:58","slug":"secretaria-municipal","status":"publish","type":"page","link":"https:\/\/pruebas-portal.mph.cl\/?page_id=38","title":{"rendered":"Secretaria Municipal"},"content":{"rendered":"<p><b>Director: Cristi\u00e1n Vilches Escobar.<\/b><\/p>\n<p>Fono: 22 430 6008<\/p>\n<p>Esta unidad depender\u00e1 directamente del Alcalde y tendr\u00e1 a su cargo:<\/p>\n<ul>\n<li>La Secci\u00f3n Administrativa.<\/li>\n<li>La Secci\u00f3n Resoluciones.<\/li>\n<li>La Secci\u00f3n de Personas Jur\u00eddicas.<\/li>\n<li>La Secretar\u00eda de Concejo Municipal.<\/li>\n<li>La Secretar\u00eda de Concejales.<\/li>\n<li>Oficina de Transparencia Municipal.<\/li>\n<\/ul>\n<h3>OBJETIVO.<\/h3>\n<p>Tendr\u00e1 por finalidad prestar apoyo administrativo al Alcalde y al Concejo Municipal, de acuerdo con los t\u00e9rminos fijados por la Ley.<\/p>\n<h3>FUNCIONES.<\/h3>\n<ul>\n<li>Dirigir administrativamente las actividades de la Secretar\u00eda Administrativa del Alcalde y del Concejo Municipal.<\/li>\n<li>Desempe\u00f1arse como Ministro de Fe en todas las actuaciones Municipales.<\/li>\n<li>Abrir y mantener un registro de inscripci\u00f3n para las organizaciones comunitarias territoriales y funcionales de conformidad a la Ley 19.418.<\/li>\n<li>Orientar a los representantes de diversos grupos de personas que desean obtener personalidad jur\u00eddica de organizaciones comunitarias, cautelando que la organizaci\u00f3n que se desee formar se ajuste a lo establecido en la Ley N\u00ba 19.418.<\/li>\n<li>Certificar determinadas situaciones, tales como el vencimiento de plazos, la acreditaci\u00f3n de deudas por concepto de derechos municipales, o el agotamiento de los medios de cobro de toda clase de cr\u00e9ditos.<\/li>\n<li>Convocar al Concejo Municipal a la sesi\u00f3n de instalaci\u00f3n.<\/li>\n<li>Despachar la correspondencia oficial de la Municipalidad.<\/li>\n<li>Llevar el Registro de Asociaciones, Corporaciones y Fundaciones, de acuerdo al t\u00edtulo XXXIII, Libro I del C\u00f3digo Civil.<\/li>\n<li>Recibir y registrar los documentos ingresados a la Municipalidad y derivarlos a la Unidad Municipal que corresponda.<\/li>\n<li>Actuar, conforme a lo dispuesto en la Ley 20.500, como Secretaria del Consejo Comunal de Organizaciones de la Sociedad Civil.<\/li>\n<\/ul>\n<p>Entregar informaci\u00f3n al Registro Nacional de Personas Jur\u00eddicas sin fines de lucro, conforme lo establezca su Reglamento respectivo.<\/p>\n<p>&nbsp;<\/p>\n","protected":false},"excerpt":{"rendered":"<p>Director: Cristi\u00e1n Vilches Escobar. Fono: 22 430 6008 Esta unidad depender\u00e1 directamente del Alcalde y tendr\u00e1 a su cargo: La Secci\u00f3n Administrativa. La Secci\u00f3n Resoluciones. La Secci\u00f3n de Personas Jur\u00eddicas. La Secretar\u00eda de Concejo Municipal. La Secretar\u00eda de Concejales. Oficina de Transparencia Municipal. OBJETIVO. Tendr\u00e1 por finalidad prestar apoyo administrativo al Alcalde y al Concejo<\/p>\n<div class=\"read-more\"><a href=\"https:\/\/pruebas-portal.mph.cl\/?page_id=38\" title=\"Read More\">Read More<\/a><\/div>\n","protected":false},"author":5,"featured_media":0,"parent":0,"menu_order":0,"comment_status":"open","ping_status":"open","template":"","meta":{"footnotes":""},"_links":{"self":[{"href":"https:\/\/pruebas-portal.mph.cl\/index.php?rest_route=\/wp\/v2\/pages\/38"}],"collection":[{"href":"https:\/\/pruebas-portal.mph.cl\/index.php?rest_route=\/wp\/v2\/pages"}],"about":[{"href":"https:\/\/pruebas-portal.mph.cl\/index.php?rest_route=\/wp\/v2\/types\/page"}],"author":[{"embeddable":true,"href":"https:\/\/pruebas-portal.mph.cl\/index.php?rest_route=\/wp\/v2\/users\/5"}],"replies":[{"embeddable":true,"href":"https:\/\/pruebas-portal.mph.cl\/index.php?rest_route=%2Fwp%2Fv2%2Fcomments&post=38"}],"version-history":[{"count":12,"href":"https:\/\/pruebas-portal.mph.cl\/index.php?rest_route=\/wp\/v2\/pages\/38\/revisions"}],"predecessor-version":[{"id":18895,"href":"https:\/\/pruebas-portal.mph.cl\/index.php?rest_route=\/wp\/v2\/pages\/38\/revisions\/18895"}],"wp:attachment":[{"href":"https:\/\/pruebas-portal.mph.cl\/index.php?rest_route=%2Fwp%2Fv2%2Fmedia&parent=38"}],"curies":[{"name":"wp","href":"https:\/\/api.w.org\/{rel}","templated":true}]}}