{"id":39,"date":"2014-07-20T07:29:06","date_gmt":"2014-07-20T07:29:06","guid":{"rendered":"http:\/\/2pc.cl\/plantilla_2\/?page_id=33"},"modified":"2022-04-14T10:09:34","modified_gmt":"2022-04-14T14:09:34","slug":"direccion-de-obras-municipales","status":"publish","type":"page","link":"https:\/\/pruebas-portal.mph.cl\/?page_id=39","title":{"rendered":"Direcci\u00f3n de Obras Municipales"},"content":{"rendered":"<p><b>Director (s): <span class=\"il\">Francisco<\/span>\u00a0Javier\u00a0<span class=\"il\">Vargas<\/span> Castillo (<\/b><b>fvargas@mph.cl)<\/b><\/p>\n<p><b>FONO: 22 430 6012<\/b><\/p>\n<p>&nbsp;<\/p>\n<p>Es una unidad de dependencia administrativa directa del Alcalde, y dependencia t\u00e9cnica del MINVU a trav\u00e9s de la Ley General de Urbanismo y Construcciones, \u00a0tendr\u00e1 a su cargo:<\/p>\n<ul>\n<li>El Departamento de Edificaci\u00f3n.<\/li>\n<li>El Departamento de Urbanismo.<\/li>\n<li>El Departamento de Inspecci\u00f3n.<\/li>\n<\/ul>\n<h3>OBJETIVO.<\/h3>\n<p>La Direcci\u00f3n de Obras Municipales, tendr\u00e1 como objetivo procurar el desarrollo urbano de la comuna y velar por el cumplimiento de las disposiciones de la Ley General de Urbanismo y Construcciones, del Plan Regulador Comunal y de las ordenanzas correspondientes.<\/p>\n<h3>FUNCIONES GENERALES.<\/h3>\n<ul>\n<li>Velar por el cumplimiento de las disposiciones de la Ley General de Urbanismo y Construcciones, del plan regulador comunal y de las Ordenanzas correspondientes.<\/li>\n<li>Fiscalizar las obras en ejecuci\u00f3n, a fin de verificar el cumplimiento de las disposiciones legales y t\u00e9cnicas que las rijan.<\/li>\n<li>Velar por el cumplimiento de la normativa ambiental vigente.<\/li>\n<li>Confeccionar y mantener actualizado el catastro de las obras de urbanizaci\u00f3n y edificaci\u00f3n realizadas en la comuna.<\/li>\n<li>En general, aplicar las normas generales sobre construcci\u00f3n y urbanizaci\u00f3n en la comuna.<\/li>\n<\/ul>\n<h3>FUNCIONES ESPEC\u00cdFICAS<\/h3>\n<ul>\n<li>Velar por el cumplimiento del Plan Regulador Comunal y de las ordenanzas correspondientes, en sus aspectos territoriales y las normas legales sobre la materia a trav\u00e9s de las siguientes medidas:<\/li>\n<li>Aprobar las subdivisiones de predios urbanos y expansi\u00f3n urbana.<\/li>\n<li>Aprobar los proyectos de obras de urbanizaci\u00f3n que se efect\u00faen en las zonas urbanas y de expansi\u00f3n urbana, previo informe de la Asesor\u00eda Urbana, y de construcci\u00f3n en general, que se efect\u00faen en las \u00e1reas urbanas y urbano-rurales.<\/li>\n<li>Aprobar los proyectos de construcci\u00f3n de obras nuevas de ampliaci\u00f3n, reparaci\u00f3n transformaci\u00f3n, demolici\u00f3n, etc., de las obras existentes, y otorgar los permisos de edificaci\u00f3n de las construcciones antes se\u00f1aladas.<\/li>\n<li>Otorgar la recepci\u00f3n de las obras ya citadas y autorizar su uso.<\/li>\n<li>Confeccionar, implementar y mantener actualizado el catastro de las obras de urbanizaci\u00f3n y edificaci\u00f3n realizadas en la comuna.<\/li>\n<\/ul>\n<p>En general, velar por el cumplimiento de la Ley General de Urbanismo y Construcciones.<\/p>\n","protected":false},"excerpt":{"rendered":"<p>Director (s): Francisco\u00a0Javier\u00a0Vargas Castillo (fvargas@mph.cl) FONO: 22 430 6012 &nbsp; Es una unidad de dependencia administrativa directa del Alcalde, y dependencia t\u00e9cnica del MINVU a trav\u00e9s de la Ley General de Urbanismo y Construcciones, \u00a0tendr\u00e1 a su cargo: El Departamento de Edificaci\u00f3n. El Departamento de Urbanismo. El Departamento de Inspecci\u00f3n. OBJETIVO. La Direcci\u00f3n de Obras<\/p>\n<div class=\"read-more\"><a href=\"https:\/\/pruebas-portal.mph.cl\/?page_id=39\" title=\"Read More\">Read More<\/a><\/div>\n","protected":false},"author":5,"featured_media":0,"parent":0,"menu_order":0,"comment_status":"open","ping_status":"open","template":"","meta":{"footnotes":""},"_links":{"self":[{"href":"https:\/\/pruebas-portal.mph.cl\/index.php?rest_route=\/wp\/v2\/pages\/39"}],"collection":[{"href":"https:\/\/pruebas-portal.mph.cl\/index.php?rest_route=\/wp\/v2\/pages"}],"about":[{"href":"https:\/\/pruebas-portal.mph.cl\/index.php?rest_route=\/wp\/v2\/types\/page"}],"author":[{"embeddable":true,"href":"https:\/\/pruebas-portal.mph.cl\/index.php?rest_route=\/wp\/v2\/users\/5"}],"replies":[{"embeddable":true,"href":"https:\/\/pruebas-portal.mph.cl\/index.php?rest_route=%2Fwp%2Fv2%2Fcomments&post=39"}],"version-history":[{"count":17,"href":"https:\/\/pruebas-portal.mph.cl\/index.php?rest_route=\/wp\/v2\/pages\/39\/revisions"}],"predecessor-version":[{"id":17974,"href":"https:\/\/pruebas-portal.mph.cl\/index.php?rest_route=\/wp\/v2\/pages\/39\/revisions\/17974"}],"wp:attachment":[{"href":"https:\/\/pruebas-portal.mph.cl\/index.php?rest_route=%2Fwp%2Fv2%2Fmedia&parent=39"}],"curies":[{"name":"wp","href":"https:\/\/api.w.org\/{rel}","templated":true}]}}