{"id":42,"date":"2014-07-20T07:29:54","date_gmt":"2014-07-20T07:29:54","guid":{"rendered":"http:\/\/2pc.cl\/plantilla_2\/?page_id=40"},"modified":"2022-04-14T10:17:39","modified_gmt":"2022-04-14T14:17:39","slug":"secretaria-juridica","status":"publish","type":"page","link":"https:\/\/pruebas-portal.mph.cl\/?page_id=42","title":{"rendered":"Direcci\u00f3n Jur\u00eddica"},"content":{"rendered":"<p><b>Director: Jorge Cristian Roa (jorge@mph.cl)<\/b><\/p>\n<p>FONO: 22 430 6022<\/p>\n<h3>OBJETIVO.<\/h3>\n<p>Su objetivo ser\u00e1 el de prestar apoyo en materias legales al Alcalde y al Concejo, informar en derecho todos los asuntos legales que las distintas unidades le planteen y orientarlas peri\u00f3dicamente en los temas de su \u00e1rea y asumir, a requerimiento del Alcalde, la defensa jur\u00eddica.<\/p>\n<h3>FUNCIONES GENERALES.<\/h3>\n<ul>\n<li>Resolver consultas de las diferentes Direcciones y Departamentos que requieran de sus servicios.<\/li>\n<li>Definir procedimientos empleados en la direcci\u00f3n para procurar mejorar la calidad de gesti\u00f3n.<\/li>\n<\/ul>\n<h3>FUNCIONES ESPEC\u00cdFICAS.<\/h3>\n<ul>\n<li>Prestar apoyo al Alcalde, al Concejo y a las unidades municipales en materias legales.<\/li>\n<li>Iniciar y asumir la defensa en los juicios en que la Municipalidad sea parte o tenga inter\u00e9s, a requerimiento del Alcalde.<\/li>\n<li>Visar los proyectos de Ordenanza de Reglamentos o de Decretos Alcaldicios que se determinen, para garantizar que se ajusten a derecho.<\/li>\n<li>Mantener actualizada la legislaci\u00f3n relativa a las Municipalidades, informando a las autoridades y a las unidades sobre las innovaciones respecto a las disposiciones legales y reglamentarias pertinentes.<\/li>\n<li>Orientar peri\u00f3dicamente respecto de las disposiciones legales y reglamentarias vigentes.<\/li>\n<li>Revisar las investigaciones y sumarios administrativos cuando lo ordene el Alcalde.<\/li>\n<li>Asesorar previo requerimiento a los investigadores y fiscales en los procesos indagatorios que disponga la autoridad.<\/li>\n<li>Realizar previo requerimiento de la autoridad las gestiones necesarias para las expropiaciones de bienes inmuebles.<\/li>\n<li>Cumplir las dem\u00e1s funciones que le se\u00f1ale la Ley o el Alcalde en materias relacionadas con sus funciones.<\/li>\n<\/ul>\n<div class=\"row cf\"><div class=\"column half\"><\/div><div class=\"column half\">\n<p>&nbsp;<\/p>\n<\/div><\/div>\n","protected":false},"excerpt":{"rendered":"<p>Director: Jorge Cristian Roa (jorge@mph.cl) FONO: 22 430 6022 OBJETIVO. Su objetivo ser\u00e1 el de prestar apoyo en materias legales al Alcalde y al Concejo, informar en derecho todos los asuntos legales que las distintas unidades le planteen y orientarlas peri\u00f3dicamente en los temas de su \u00e1rea y asumir, a requerimiento del Alcalde, la defensa<\/p>\n<div class=\"read-more\"><a href=\"https:\/\/pruebas-portal.mph.cl\/?page_id=42\" title=\"Read More\">Read More<\/a><\/div>\n","protected":false},"author":5,"featured_media":0,"parent":0,"menu_order":0,"comment_status":"open","ping_status":"open","template":"","meta":{"footnotes":""},"_links":{"self":[{"href":"https:\/\/pruebas-portal.mph.cl\/index.php?rest_route=\/wp\/v2\/pages\/42"}],"collection":[{"href":"https:\/\/pruebas-portal.mph.cl\/index.php?rest_route=\/wp\/v2\/pages"}],"about":[{"href":"https:\/\/pruebas-portal.mph.cl\/index.php?rest_route=\/wp\/v2\/types\/page"}],"author":[{"embeddable":true,"href":"https:\/\/pruebas-portal.mph.cl\/index.php?rest_route=\/wp\/v2\/users\/5"}],"replies":[{"embeddable":true,"href":"https:\/\/pruebas-portal.mph.cl\/index.php?rest_route=%2Fwp%2Fv2%2Fcomments&post=42"}],"version-history":[{"count":9,"href":"https:\/\/pruebas-portal.mph.cl\/index.php?rest_route=\/wp\/v2\/pages\/42\/revisions"}],"predecessor-version":[{"id":17978,"href":"https:\/\/pruebas-portal.mph.cl\/index.php?rest_route=\/wp\/v2\/pages\/42\/revisions\/17978"}],"wp:attachment":[{"href":"https:\/\/pruebas-portal.mph.cl\/index.php?rest_route=%2Fwp%2Fv2%2Fmedia&parent=42"}],"curies":[{"name":"wp","href":"https:\/\/api.w.org\/{rel}","templated":true}]}}