{"id":43,"date":"2014-07-20T07:30:30","date_gmt":"2014-07-20T07:30:30","guid":{"rendered":"http:\/\/2pc.cl\/plantilla_2\/?page_id=41"},"modified":"2022-05-16T16:05:10","modified_gmt":"2022-05-16T20:05:10","slug":"direccion-de-aseo-y-operaciones","status":"publish","type":"page","link":"https:\/\/pruebas-portal.mph.cl\/?page_id=43","title":{"rendered":"Direcci\u00f3n de Medio Ambiente, Aseo y Ornato (DIMAO)"},"content":{"rendered":"<p>Directora (s): Helga S\u00e1nchez (<a class=\"rABsFf RffVmb AL18ce\" href=\"mailto:hsanchez@mph.cl\" target=\"_blank\" rel=\"noopener noreferrer\" data-tooltip-position=\"top\" data-tooltip=\"De tus contactos de Google\">contacto@mph.cl)<\/a><\/p>\n<p>Tiene a\u00a0 su cargo:<\/p>\n<ul>\n<li>La Oficina de Aseo.<\/li>\n<li>La Oficina de Ornato.<\/li>\n<li>Oficina de Medio Ambiente.<\/li>\n<li>La Oficina de Emergencias.<\/li>\n<li>El Departamento de Mantenci\u00f3n\u00a0 de Veh\u00edculos.<\/li>\n<li>El Departamento de Administraci\u00f3n y Bodegas Municipales.<\/li>\n<\/ul>\n<h3>OBJETIVO<\/h3>\n<p>La Direcci\u00f3n tiene como objetivo, velar por el aseo y orden de los espacios p\u00fablicos de la comuna, proporcionando una adecuada y eficiente extracci\u00f3n y disposici\u00f3n de los residuos domiciliarios, as\u00ed como tambi\u00e9n la administraci\u00f3n, ornamentaci\u00f3n y mantenci\u00f3n de las \u00e1reas verdes, todo lo anterior en contribuci\u00f3n al mejoramiento del medio ambiente.<\/p>\n<h3>FUNCIONES.<\/h3>\n<ul>\n<li>Dise\u00f1ar programas para la disposici\u00f3n final de la basura.<\/li>\n<li>Organizar el aseo de v\u00edas p\u00fablicas, la mantenci\u00f3n de parques, jardines y en general, el aseo de los bienes nacionales de uso p\u00fablico existentes en la comuna.<\/li>\n<li>Administrar las \u00e1reas verdes de la comuna y proponer programas de construcci\u00f3n, reparaci\u00f3n, mantenci\u00f3n y cuidado de \u00e9stas.<\/li>\n<li>Evaluar permanentemente los procedimientos empleados en su unidad, de manera tal, que \u00e9stos se encuentren actualizados y est\u00e9n acordes con una buena gesti\u00f3n.<\/li>\n<li>Controlar el rendimiento y la eficiencia en las labores del personal de su dependencia.<\/li>\n<li>Controlar la correcta disposici\u00f3n final de la basura inerte que se deposite en el vertedero.<\/li>\n<li>Colaborar en la protecci\u00f3n y defensa de las \u00e1reas verdes p\u00fablicas de la comuna y en la elaboraci\u00f3n de proyectos de ornamentaci\u00f3n.<\/li>\n<li>Apoyar a la soluci\u00f3n de problemas medioambientales de la Comuna.<\/li>\n<li>Controlar el retiro oportuno de escombros y micro basurales, denunciando ante la autoridad sanitaria correspondiente para la iniciaci\u00f3n de los procesos que fuesen pertinentes.<\/li>\n<li>Disponer el control y correcto funcionamiento del equipo rodante que efect\u00faa labores de aseo y recolecci\u00f3n de basuras.<\/li>\n<li>Otras funciones que impliquen desarrollar acciones tendientes a la soluci\u00f3n de problemas que afecten a la comunidad en el \u00e1rea de su competencia.<\/li>\n<\/ul>\n<p>&nbsp;<\/p>\n","protected":false},"excerpt":{"rendered":"<p>Directora (s): Helga S\u00e1nchez (contacto@mph.cl) Tiene a\u00a0 su cargo: La Oficina de Aseo. La Oficina de Ornato. Oficina de Medio Ambiente. La Oficina de Emergencias. El Departamento de Mantenci\u00f3n\u00a0 de Veh\u00edculos. El Departamento de Administraci\u00f3n y Bodegas Municipales. OBJETIVO La Direcci\u00f3n tiene como objetivo, velar por el aseo y orden de los espacios p\u00fablicos de<\/p>\n<div class=\"read-more\"><a href=\"https:\/\/pruebas-portal.mph.cl\/?page_id=43\" title=\"Read More\">Read More<\/a><\/div>\n","protected":false},"author":5,"featured_media":0,"parent":0,"menu_order":0,"comment_status":"open","ping_status":"open","template":"","meta":{"footnotes":""},"_links":{"self":[{"href":"https:\/\/pruebas-portal.mph.cl\/index.php?rest_route=\/wp\/v2\/pages\/43"}],"collection":[{"href":"https:\/\/pruebas-portal.mph.cl\/index.php?rest_route=\/wp\/v2\/pages"}],"about":[{"href":"https:\/\/pruebas-portal.mph.cl\/index.php?rest_route=\/wp\/v2\/types\/page"}],"author":[{"embeddable":true,"href":"https:\/\/pruebas-portal.mph.cl\/index.php?rest_route=\/wp\/v2\/users\/5"}],"replies":[{"embeddable":true,"href":"https:\/\/pruebas-portal.mph.cl\/index.php?rest_route=%2Fwp%2Fv2%2Fcomments&post=43"}],"version-history":[{"count":14,"href":"https:\/\/pruebas-portal.mph.cl\/index.php?rest_route=\/wp\/v2\/pages\/43\/revisions"}],"predecessor-version":[{"id":18041,"href":"https:\/\/pruebas-portal.mph.cl\/index.php?rest_route=\/wp\/v2\/pages\/43\/revisions\/18041"}],"wp:attachment":[{"href":"https:\/\/pruebas-portal.mph.cl\/index.php?rest_route=%2Fwp%2Fv2%2Fmedia&parent=43"}],"curies":[{"name":"wp","href":"https:\/\/api.w.org\/{rel}","templated":true}]}}